{"id":2295,"date":"2019-11-01T09:12:40","date_gmt":"2019-11-01T07:12:54","guid":{"rendered":"https:\/\/uusweb.farwell.ee\/?page_id=2295"},"modified":"2025-03-03T14:54:15","modified_gmt":"2025-03-03T12:54:15","slug":"electroluxi-profiseadmete-hooldus","status":"publish","type":"page","link":"https:\/\/farwell.ee\/ru\/electroluxi-profiseadmete-hooldus\/","title":{"rendered":"\u041e\u0431\u0441\u043b\u0443\u0436\u0438\u0432\u0430\u043d\u0438\u0435 \u043f\u0440\u043e\u0444\u0435\u0441\u0441\u0438\u043e\u043d\u0430\u043b\u044c\u043d\u043e\u0439 \u0442\u0435\u0445\u043d\u0438\u043a\u0438 Electrolux"},"content":{"rendered":"<div class=\"row mb-4\">\t<div class=\"col-lg-8\"><p>\u041e\u0442\u0434\u0435\u043b \u0442\u0435\u0445\u043d\u0438\u0447\u0435\u0441\u043a\u043e\u0433\u043e \u043e\u0431\u0441\u043b\u0443\u0436\u0438\u0432\u0430\u043d\u0438\u044f Farwell \u0432 \u043e\u0441\u043d\u043e\u0432\u043d\u043e\u043c \u0437\u0430\u043d\u0438\u043c\u0430\u0435\u0442\u0441\u044f \u0443\u0441\u0442\u0430\u043d\u043e\u0432\u043a\u043e\u0439 \u0438 \u0442\u0435\u0445\u043d\u0438\u0447\u0435\u0441\u043a\u0438\u043c \u043e\u0431\u0441\u043b\u0443\u0436\u0438\u0432\u0430\u043d\u0438\u0435\u043c \u043f\u0440\u043e\u0444\u0435\u0441\u0441\u0438\u043e\u043d\u0430\u043b\u044c\u043d\u043e\u0433\u043e \u043e\u0431\u043e\u0440\u0443\u0434\u043e\u0432\u0430\u043d\u0438\u044f Electrolux.<\/p>\n<p>\u041a\u043e\u043d\u0442\u0440\u0430\u043a\u0442\u044b \u043d\u0430 \u0442\u0435\u0445\u043d\u0438\u0447\u0435\u0441\u043a\u043e\u0435 \u043e\u0431\u0441\u043b\u0443\u0436\u0438\u0432\u0430\u043d\u0438\u0435, \u0442\u0435\u0445\u043d\u0438\u0447\u0435\u0441\u043a\u0443\u044e \u0438\u043d\u0444\u043e\u0440\u043c\u0430\u0446\u0438\u044e \u043e\u0431 \u043e\u0431\u043e\u0440\u0443\u0434\u043e\u0432\u0430\u043d\u0438\u0438, \u043f\u043e\u0434\u0445\u043e\u0434\u044f\u0449\u0438\u0435 \u0437\u0430\u043f\u0430\u0441\u043d\u044b\u0435 \u0447\u0430\u0441\u0442\u0438 \u0438 \u043d\u0430 \u0432\u0441\u0435 \u0434\u0440\u0443\u0433\u0438\u0435 \u0442\u0435\u0445\u043d\u0438\u0447\u0435\u0441\u043a\u0438\u0435 \u0432\u043e\u043f\u0440\u043e\u0441\u044b \u043c\u043e\u0436\u043d\u043e \u043f\u043e\u043b\u0443\u0447\u0438\u0442\u044c \u0432 \u043d\u0430\u0448\u0435\u043c \u043e\u0442\u0434\u0435\u043b\u0435 \u0442\u0435\u0445\u043d\u0438\u0447\u0435\u0441\u043a\u043e\u0433\u043e \u043e\u0431\u0441\u043b\u0443\u0436\u0438\u0432\u0430\u043d\u0438\u044f.<\/p>\n<p>\u041d\u0430\u0448\u0438 \u0441\u043f\u0435\u0446\u0438\u0430\u043b\u0438\u0441\u0442\u044b \u0432\u044b\u0435\u0437\u0436\u0430\u044e\u0442 \u043d\u0430 \u0440\u0430\u0431\u043e\u0442\u044b \u043f\u043e \u0432\u0441\u0435\u0439 \u042d\u0441\u0442\u043e\u043d\u0438\u0438.<\/p>\n<p>\u041f\u0430\u043c\u044f\u0442\u043a\u0430 \u043a\u043b\u0438\u0435\u043d\u0442\u0443:<\/p>\n<ul>\n<li>\u0432 \u0442\u0435\u0447\u0435\u043d\u0438\u0435 \u0433\u0430\u0440\u0430\u043d\u0442\u0438\u0439\u043d\u043e\u0433\u043e \u043f\u0435\u0440\u0438\u043e\u0434\u0430 \u043b\u044e\u0431\u043e\u0439 \u0440\u0435\u043c\u043e\u043d\u0442 \u0438 \u0442\u0435\u0445\u043d\u0438\u0447\u0435\u0441\u043a\u043e\u0435 \u043e\u0431\u0441\u043b\u0443\u0436\u0438\u0432\u0430\u043d\u0438\u0435 \u043e\u0431\u043e\u0440\u0443\u0434\u043e\u0432\u0430\u043d\u0438\u0435 \u043c\u043e\u0436\u0435\u0442 \u0432\u044b\u043f\u043e\u043b\u043d\u044f\u0442\u044c \u0442\u043e\u043b\u044c\u043a\u043e \u0442\u0435\u0445\u043d\u0438\u043a, \u043a\u043e\u0442\u043e\u0440\u043e\u043c\u0443 \u043a\u043e\u043c\u043f\u0430\u043d\u0438\u044f Farwell \u043f\u0440\u0435\u0434\u043e\u0441\u0442\u0430\u0432\u0438\u043b\u0430 \u043d\u0435\u043e\u0431\u0445\u043e\u0434\u0438\u043c\u044b\u0435 \u043f\u043e\u043b\u043d\u043e\u043c\u043e\u0447\u0438\u044f<\/li>\n<li>\u043f\u043b\u0430\u043d\u043e\u0432\u043e\u0435 \u0442\u0435\u0445\u043d\u0438\u0447\u0435\u0441\u043a\u043e\u0435 \u043e\u0431\u0441\u043b\u0443\u0436\u0438\u0432\u0430\u043d\u0438\u0435 \u0441\u043f\u043e\u0441\u043e\u0431\u0441\u0442\u0432\u0443\u0435\u0442 \u0431\u0435\u0441\u043f\u0435\u0440\u0435\u0431\u043e\u0439\u043d\u043e\u0439 \u0440\u0430\u0431\u043e\u0442\u0435 \u0442\u0435\u0445\u043d\u0438\u043a\u0438 \u0438 \u0443\u0434\u043b\u0438\u043d\u044f\u0435\u0442 \u0441\u0440\u043e\u043a \u0435\u0435 \u0441\u043b\u0443\u0436\u0431\u044b<\/li>\n<\/ul>\n<\/div>\t<div class=\"col-lg-4\"><div class=\"card shadow border-0 bg-light\"><div class=\"card-body pb-0\">\n<p><strong>\u0422\u0435\u0445\u043d\u0438\u0447\u0435\u0441\u043a\u043e\u0435 \u043e\u0431\u0441\u043b\u0443\u0436\u0438\u0432\u0430\u043d\u0438\u0435\/\u0432\u044b\u0437\u043e\u0432<\/strong><br \/>\n\u0422\u0435\u043b. <a href=\"tel:+37253088421\" title=\"Helista\">+372 5308 8421<\/a><br \/>\n<a href=\"mailto:hooldus@farwell.ee\">hooldus@farwell.ee<\/a><\/p>\n<hr \/>\n<p><strong>J\u00f6rgen Pukk<\/strong><br \/>\n<em>\u041c\u0435\u043d\u0435\u0434\u0436\u0435\u0440 \u043f\u043e \u0442\u0435\u0445\u043d\u0438\u0447\u0435\u0441\u043a\u043e\u043c\u0443 \u043e\u0431\u0441\u043b\u0443\u0436\u0438\u0432\u0430\u043d\u0438\u044e<\/em><br \/>\n<a href=\"tel:+3725046565\" title=\"Helista\">+372 504 6565<\/a><br \/>\n<a href=\"mailto:jorgen@farwell.ee\">jorgen@farwell.ee<\/a><\/p>\n<hr \/>\n<p><strong>Andres Veskimeister<\/strong><br \/>\n<em>\u0422\u0435\u0445\u043d\u0438\u0447\u0435\u0441\u043a\u043e\u0435 \u043e\u0431\u0441\u043b\u0443\u0436\u0438\u0432\u0430\u043d\u0438\u0435\/\u0437\u0430\u043f\u0430\u0441\u043d\u044b\u0435 \u0447\u0430\u0441\u0442\u0438<\/em><br \/>\n<a href=\"tel:+3725145112\" title=\"Helista\">+372 514 5112<\/a><br \/>\n<a href=\"mailto:andres@farwell.ee\">andres@farwell.ee<\/a><\/p>\n<hr \/>\n<p><strong>Jaak Unnuk<\/strong><br \/>\n<em>\u0422\u0435\u0445\u043d\u0438\u0447\u0435\u0441\u043a\u0438\u0439 \u043a\u043e\u043d\u0441\u0443\u043b\u044c\u0442\u0430\u043d\u0442<\/em><br \/>\n<a href=\"tel:+37253040130\" title=\"Helista\">+372 5304 0130<\/a><br \/>\n<a href=\"mailto:jaak@farwell.ee\">jaak@farwell.ee<\/a><\/p>\n<hr \/>\n<p><a href=\"\/ru\/electroluxi-profiseadmete-hooldus\/hooldus-hinnakiri\/\">\u041f\u0420\u0415\u0419\u0421\u041a\u0423\u0420\u0410\u041d\u0422<\/a><br \/>\n<a href=\"\/ru\/electroluxi-profiseadmete-hooldus\/hooldus-garantiitingimused\/\">\u0423\u0421\u041b\u041e\u0412\u0418\u042f \u0413\u0410\u0420\u0410\u041d\u0422\u0418\u0418<\/a><br \/>\n<a href=\"https:\/\/farwell.ee\/wp-content\/uploads\/Hooldusgraafikud.pdf\">\u0413\u0420\u0410\u0424\u0418\u041a \u041e\u0411\u0421\u041b\u0423\u0416\u0418\u0412\u0410\u041d\u0418\u042f (PDF)<\/a><\/p>\n<p>&nbsp;<\/p>\n<\/div><\/div><\/div><\/div>","protected":false},"excerpt":{"rendered":"<p>Farwelli hooldusmeeskond tegeleb p\u00f5hiliselt\u00a0Electroluxi profiseadmete\u00a0paigaldamise ja hooldamisega. Hoolduslepingud, seadmete tehniline info, sobivad varuosad ja k\u00f5ik muud tehnilised k\u00fcsimused saavad vastused meie hooldusosakonnast. Meie spetsialistid teostavad t\u00f6id\u00a0\u00fcle terve Eesti. Kliendi meelespea: garantiiajal teostab seadmetele k\u00f5ik hooldus- ja remondit\u00f6\u00f6d ainult Farwelli poolt volitatud hooldustehnik seadmete korralise hoolduse puhul tagate tehnikale seisakuteta t\u00f6\u00f6aja ning pika kasutusea Hooldus\/v\u00e4ljakutsed Tel. [&hellip;]<\/p>","protected":false},"author":1,"featured_media":0,"parent":0,"menu_order":12,"comment_status":"closed","ping_status":"closed","template":"","meta":{"_acf_changed":false,"inline_featured_image":false,"footnotes":""},"class_list":["post-2295","page","type-page","status-publish","hentry"],"acf":[],"_links":{"self":[{"href":"https:\/\/farwell.ee\/ru\/wp-json\/wp\/v2\/pages\/2295","targetHints":{"allow":["GET"]}}],"collection":[{"href":"https:\/\/farwell.ee\/ru\/wp-json\/wp\/v2\/pages"}],"about":[{"href":"https:\/\/farwell.ee\/ru\/wp-json\/wp\/v2\/types\/page"}],"author":[{"embeddable":true,"href":"https:\/\/farwell.ee\/ru\/wp-json\/wp\/v2\/users\/1"}],"replies":[{"embeddable":true,"href":"https:\/\/farwell.ee\/ru\/wp-json\/wp\/v2\/comments?post=2295"}],"version-history":[{"count":"81","href":"https:\/\/farwell.ee\/ru\/wp-json\/wp\/v2\/pages\/2295\/revisions"}],"predecessor-version":[{"id":32566,"href":"https:\/\/farwell.ee\/ru\/wp-json\/wp\/v2\/pages\/2295\/revisions\/32566"}],"wp:attachment":[{"href":"https:\/\/farwell.ee\/ru\/wp-json\/wp\/v2\/media?parent=2295"}],"curies":[{"name":"wp","href":"https:\/\/api.w.org\/{rel}","templated":true}]}}