{"id":202,"date":"2019-09-16T15:29:10","date_gmt":"2019-09-16T12:29:10","guid":{"rendered":"https:\/\/uusweb.farwell.ee\/?page_id=202"},"modified":"2025-09-22T10:32:31","modified_gmt":"2025-09-22T07:32:31","slug":"horeca-infokataloog","status":"publish","type":"page","link":"https:\/\/farwell.ee\/ru\/horeca-infokataloog\/","title":{"rendered":"\u041a\u0430\u0442\u0430\u043b\u043e\u0433\u0438"},"content":{"rendered":"<div class=\"row mb-4\">\t<div class=\"col-lg-8\"><p>\u041e\u0434\u043d\u043e \u0438\u0437 \u043e\u0441\u043d\u043e\u0432\u043d\u044b\u0445 \u043d\u0430\u043f\u0440\u0430\u0432\u043b\u0435\u043d\u0438\u0439 Farwell \u2013 \u043e\u0431\u0435\u0441\u043f\u0435\u0447\u0435\u043d\u0438\u0435 \u043f\u0440\u0435\u0434\u043f\u0440\u0438\u044f\u0442\u0438\u0439 \u043e\u0431\u0449\u0435\u0441\u0442\u0432\u0435\u043d\u043d\u043e\u0433\u043e \u043f\u0438\u0442\u0430\u043d\u0438\u044f \u0432\u0441\u0435\u043c\u0438 \u043d\u0435\u043e\u0431\u0445\u043e\u0434\u0438\u043c\u044b\u043c\u0438 \u0438\u043d\u0441\u0442\u0440\u0443\u043c\u0435\u043d\u0442\u0430\u043c\u0438 \u0438 \u043f\u0440\u043e\u0434\u0443\u043a\u0442\u0430\u043c\u0438.<\/p>\n<p>\u041c\u044b \u0440\u0430\u0431\u043e\u0442\u0430\u0435\u043c \u043d\u0430 \u0440\u044b\u043d\u043a\u0435 \u0441 1996 \u0433\u043e\u0434\u0430, \u044f\u0432\u043b\u044f\u044f\u0441\u044c \u043e\u0434\u043d\u0438\u043c \u0438\u0437 \u043a\u0440\u0443\u043f\u043d\u0435\u0439\u0448\u0438\u0445 \u043f\u043e\u0441\u0442\u0430\u0432\u0449\u0438\u043a\u043e\u0432 \u0441\u0435\u043a\u0442\u043e\u0440\u0430 HoReCa \u0432 \u042d\u0441\u0442\u043e\u043d\u0438\u0438.<\/p>\n<p>\u041d\u0430\u0448\u0430 \u0446\u0435\u043b\u044c \u2013 \u043f\u0440\u0435\u0434\u043b\u043e\u0436\u0438\u0442\u044c \u044d\u043a\u0441\u043a\u043b\u044e\u0437\u0438\u0432\u043d\u044b\u0435 \u0438 \u043a\u0430\u0447\u0435\u0441\u0442\u0432\u0435\u043d\u043d\u044b\u0435 \u0442\u043e\u0432\u0430\u0440\u044b \u0434\u043b\u044f \u043a\u0443\u0445\u043d\u0438 \u0438 \u0440\u0435\u0441\u0442\u043e\u0440\u0430\u043d\u0430 \u0434\u0430\u0436\u0435 \u0441\u0430\u043c\u044b\u043c \u0442\u0440\u0435\u0431\u043e\u0432\u0430\u0442\u0435\u043b\u044c\u043d\u044b\u043c \u043a\u043b\u0438\u0435\u043d\u0442\u0430\u043c. \u0427\u0442\u043e\u0431\u044b \u043b\u0443\u0447\u0448\u0435 \u043e\u0431\u0441\u043b\u0443\u0436\u0438\u0432\u0430\u0442\u044c \u0432\u0430\u0441, \u043c\u044b \u043e\u0442\u043a\u0440\u044b\u043b\u0438 \u043c\u0430\u0433\u0430\u0437\u0438\u043d\u044b:<\/p>\n<div class=\"row mb-4\"><br \/>\n<div class=\"col\"><br \/>\n<strong>Tallinn<\/strong><br \/>\nKanali tee 4<br \/>\nE-R 9:00 \u2013 17:00<br \/>\n\u0422\u0435\u043b. <a href=\"tel:+3726024422\" title=\"Helista\">+372 602 4422<\/a><br \/>\n<a href=\"mailto:kauplus@farwell.ee\">kauplus@farwell.ee<\/a><br \/>\n<\/div><br \/>\n<div class=\"col\"><br \/>\n<strong>Tartu<\/strong><br \/>\nT\u00e4he 127A<br \/>\nE-R 9:00 \u2013 17:00<br \/>\n\u0422\u0435\u043b. <a href=\"tel:+3727339268\" title=\"Helista\">+372 733 9268<\/a><br \/>\n<a href=\"mailto:tartu@farwell.ee\">tartu@farwell.ee<\/a><br \/>\n<\/div><br \/>\n<\/div>\n<h6><strong>\u041d\u0435 \u043d\u0430\u0448\u043b\u0438 \u043d\u0430 \u043d\u0430\u0448\u0435\u043c \u0441\u0430\u0439\u0442\u0435 \u043d\u0443\u0436\u043d\u044b\u0439 \u0442\u043e\u0432\u0430\u0440?<\/strong><\/h6>\n<p>\u0421\u0432\u044f\u0436\u0438\u0442\u0435\u0441\u044c \u0441 \u043d\u0430\u043c\u0438 \u0438 \u043c\u044b \u043d\u0430\u0439\u0434\u0435\u043c \u0434\u043b\u044f \u0412\u0430\u0441 \u043f\u043e\u0434\u0445\u043e\u0434\u044f\u0449\u0435\u0435 \u0440\u0435\u0448\u0435\u043d\u0438\u0435!<\/p>\n<\/div>\t<div class=\"col-lg-4\"><div class=\"card shadow border-0 bg-light\"><div class=\"card-body pb-0\">\n<p><strong>Luule Jaanus<\/strong><br \/>\n<em>\u041c\u0435\u043d\u0435\u0434\u0436\u0435\u0440 \u043f\u0440\u043e\u0435\u043a\u0442\u043e\u0432 \u043f\u043e \u043f\u043e\u0441\u0443\u0434\u0435 \u0438 \u043a\u0443\u0445\u043e\u043d\u043d\u044b\u043c \u043f\u0440\u0438\u043d\u0430\u0434\u043b\u0435\u0436\u043d\u043e\u0441\u0442\u044f\u043c HoReCa<\/em><br \/>\nMob. <a href=\"tel:+3725290497\" title=\"Helista\">+372 529 0497<\/a><br \/>\n\u0422\u0435\u043b. <a href=\"tel:+3726024413\" title=\"Helista\">+372 602 4413<\/a><br \/>\n<a href=\"mailto:luule@farwell.ee\">luule@farwell.ee<\/a><\/p>\n<hr \/>\n<p><strong>Argo Urvak<\/strong><br \/>\n<em>\u041c\u0435\u043d\u0435\u0434\u0436\u0435\u0440 \u043f\u0440\u043e\u0435\u043a\u0442\u043e\u0432 \u043f\u043e \u043f\u043e\u0441\u0443\u0434\u0435 \u0438 \u043a\u0443\u0445\u043e\u043d\u043d\u044b\u043c \u043f\u0440\u0438\u043d\u0430\u0434\u043b\u0435\u0436\u043d\u043e\u0441\u0442\u044f\u043c HoReCa<\/em><br \/>\nMob. <a href=\"tel:+3725038306\" title=\"Helista\">+372 50 383 06<\/a><br \/>\n<a href=\"mailto:argo@farwell.ee\">argo@farwell.ee<\/a><\/p>\n<hr \/>\n<p><em><strong>K\u00e4tlyn Virro<\/strong><br \/>\n\u0410\u0441\u0441\u0438\u0441\u0442\u0435\u043d\u0442 \u043f\u043e \u0437\u0430\u043a\u0443\u043f\u043a\u0430\u043c \u043a\u0443\u0445\u043e\u043d\u043d\u044b\u0445 \u043f\u0440\u0438\u043d\u0430\u0434\u043b\u0435\u0436\u043d\u043e\u0441\u0442\u0435\u0439 \u0438 \u0441\u0442\u043e\u043b\u043e\u0432\u043e\u0439 \u043f\u043e\u0441\u0443\u0434\u044b<\/em><br \/>\n\u0422\u0435\u043b. <a href=\"tel:+3726024413\" title=\"Helista\">+372 602 4413<\/a><br \/>\n<a href=\"mailto:sales@farwell.ee\">sales@farwell.ee<\/a><\/p>\n<\/div><\/div><\/div><\/div>","protected":false},"excerpt":{"rendered":"<p>Farwelli \u00fcheks p\u00f5hisuunaks on tuua maale ja varustada toitlustajaid k\u00f5ikide vajaminevate t\u00f6\u00f6vahenditega. Oleme turul tegutsenud aastast 1996, olles Eestis \u00fcks suuremaid HoReCa sektori varustajaid. Meie eesm\u00e4rgiks on pakkuda eksklusiivseid ja kvaliteetseid k\u00f6\u00f6gi- ja restoranitarbeid ka k\u00f5ige n\u00f5udlikumale kliendile. Teie paremaks teenindamiseks oleme avanud kauplused: Ei leidnud tootekataloogist soovitud toodet? V\u00f5ta meiega \u00fchendust ja leiame just [&hellip;]<\/p>","protected":false},"author":1,"featured_media":0,"parent":0,"menu_order":11,"comment_status":"closed","ping_status":"closed","template":"page-catalog.php","meta":{"_acf_changed":false,"inline_featured_image":false,"footnotes":""},"class_list":["post-202","page","type-page","status-publish","hentry"],"acf":[],"_links":{"self":[{"href":"https:\/\/farwell.ee\/ru\/wp-json\/wp\/v2\/pages\/202","targetHints":{"allow":["GET"]}}],"collection":[{"href":"https:\/\/farwell.ee\/ru\/wp-json\/wp\/v2\/pages"}],"about":[{"href":"https:\/\/farwell.ee\/ru\/wp-json\/wp\/v2\/types\/page"}],"author":[{"embeddable":true,"href":"https:\/\/farwell.ee\/ru\/wp-json\/wp\/v2\/users\/1"}],"replies":[{"embeddable":true,"href":"https:\/\/farwell.ee\/ru\/wp-json\/wp\/v2\/comments?post=202"}],"version-history":[{"count":"155","href":"https:\/\/farwell.ee\/ru\/wp-json\/wp\/v2\/pages\/202\/revisions"}],"predecessor-version":[{"id":35308,"href":"https:\/\/farwell.ee\/ru\/wp-json\/wp\/v2\/pages\/202\/revisions\/35308"}],"wp:attachment":[{"href":"https:\/\/farwell.ee\/ru\/wp-json\/wp\/v2\/media?parent=202"}],"curies":[{"name":"wp","href":"https:\/\/api.w.org\/{rel}","templated":true}]}}