{"id":9660,"date":"2021-02-01T16:21:54","date_gmt":"2021-02-01T14:21:54","guid":{"rendered":"https:\/\/farwell.ee\/toode\/soel-16cm-2\/"},"modified":"2026-04-15T17:30:06","modified_gmt":"2026-04-15T14:30:06","slug":"soel-16cm-2","status":"publish","type":"product","link":"https:\/\/farwell.ee\/en\/product\/soel-16cm-2\/","title":{"rendered":"V\u00f5rks\u00f5el 16cm \u00fchekordse v\u00f5rguga"},"content":{"rendered":"","protected":false},"excerpt":{"rendered":"","protected":false},"featured_media":18377,"template":"","meta":{"_acf_changed":false,"inline_featured_image":false},"product_brand":[],"product_cat":[174],"product_tag":[6108,6112,6120,6164],"class_list":{"0":"post-9660","1":"product","2":"type-product","3":"status-publish","4":"has-post-thumbnail","6":"product_cat-soelad-ja-salatikuivatajad","7":"product_tag-hiina-kolander","8":"product_tag-kastmesoel","9":"product_tag-koonussoel","10":"product_tag-vorksoel","11":"pa_kaubamark-paderno","13":"first","14":"instock","15":"shipping-taxable","16":"purchasable","17":"product-type-simple"},"acf":[],"_links":{"self":[{"href":"https:\/\/farwell.ee\/en\/wp-json\/wp\/v2\/product\/9660","targetHints":{"allow":["GET"]}}],"collection":[{"href":"https:\/\/farwell.ee\/en\/wp-json\/wp\/v2\/product"}],"about":[{"href":"https:\/\/farwell.ee\/en\/wp-json\/wp\/v2\/types\/product"}],"wp:featuredmedia":[{"embeddable":true,"href":"https:\/\/farwell.ee\/en\/wp-json\/wp\/v2\/media\/18377"}],"wp:attachment":[{"href":"https:\/\/farwell.ee\/en\/wp-json\/wp\/v2\/media?parent=9660"}],"wp:term":[{"taxonomy":"product_brand","embeddable":true,"href":"https:\/\/farwell.ee\/en\/wp-json\/wp\/v2\/product_brand?post=9660"},{"taxonomy":"product_cat","embeddable":true,"href":"https:\/\/farwell.ee\/en\/wp-json\/wp\/v2\/product_cat?post=9660"},{"taxonomy":"product_tag","embeddable":true,"href":"https:\/\/farwell.ee\/en\/wp-json\/wp\/v2\/product_tag?post=9660"}],"curies":[{"name":"wp","href":"https:\/\/api.w.org\/{rel}","templated":true}]}}