{"id":9526,"date":"2021-02-01T16:21:13","date_gmt":"2021-02-01T14:21:13","guid":{"rendered":"https:\/\/farwell.ee\/toode\/dekoreerimisnuga-orange-15cm\/"},"modified":"2025-10-21T17:00:03","modified_gmt":"2025-10-21T14:00:03","slug":"dekoreerimisnuga-orange-15cm","status":"publish","type":"product","link":"https:\/\/farwell.ee\/en\/product\/dekoreerimisnuga-orange-15cm\/","title":{"rendered":"Ribal\u00f5ikur ehk kanelleerimisnuga 15cm"},"content":{"rendered":"","protected":false},"excerpt":{"rendered":"<p>K\u00f5vade puu- ja k\u00f6\u00f6giviljade dekoreerimiseks, l\u00f5ikab sisse sooned.<br \/>\nTeritatud servaga roostevaba teras ja pol\u00fcamiidist k\u00e4epide.<br \/>\nMasinpestav.<\/p>","protected":false},"featured_media":9525,"template":"","meta":{"_acf_changed":false,"inline_featured_image":false},"product_brand":[],"product_cat":[163],"product_tag":[],"class_list":{"0":"post-9526","1":"product","2":"type-product","3":"status-publish","4":"has-post-thumbnail","6":"product_cat-riivid-koorijad-ja-pureestajad","7":"pa_kaubamark-aps","9":"first","10":"instock","11":"shipping-taxable","12":"purchasable","13":"product-type-simple"},"acf":[],"_links":{"self":[{"href":"https:\/\/farwell.ee\/en\/wp-json\/wp\/v2\/product\/9526","targetHints":{"allow":["GET"]}}],"collection":[{"href":"https:\/\/farwell.ee\/en\/wp-json\/wp\/v2\/product"}],"about":[{"href":"https:\/\/farwell.ee\/en\/wp-json\/wp\/v2\/types\/product"}],"wp:featuredmedia":[{"embeddable":true,"href":"https:\/\/farwell.ee\/en\/wp-json\/wp\/v2\/media\/9525"}],"wp:attachment":[{"href":"https:\/\/farwell.ee\/en\/wp-json\/wp\/v2\/media?parent=9526"}],"wp:term":[{"taxonomy":"product_brand","embeddable":true,"href":"https:\/\/farwell.ee\/en\/wp-json\/wp\/v2\/product_brand?post=9526"},{"taxonomy":"product_cat","embeddable":true,"href":"https:\/\/farwell.ee\/en\/wp-json\/wp\/v2\/product_cat?post=9526"},{"taxonomy":"product_tag","embeddable":true,"href":"https:\/\/farwell.ee\/en\/wp-json\/wp\/v2\/product_tag?post=9526"}],"curies":[{"name":"wp","href":"https:\/\/api.w.org\/{rel}","templated":true}]}}