{"id":9124,"date":"2021-02-01T16:16:12","date_gmt":"2021-02-01T14:16:12","guid":{"rendered":"https:\/\/farwell.ee\/toode\/veini-vahuveini-kuuler-o-45cm\/"},"modified":"2026-04-13T10:45:05","modified_gmt":"2026-04-13T07:45:05","slug":"veini-vahuveini-kuuler-o-45cm","status":"publish","type":"product","link":"https:\/\/farwell.ee\/en\/product\/veini-vahuveini-kuuler-o-45cm\/","title":{"rendered":"Veinik\u00fc\u00fcler 45cm jalaga, maht 12L"},"content":{"rendered":"","protected":false},"excerpt":{"rendered":"<p>Peegelpoleeritud, serv mattpoleeritud.<br \/>\nMasinpestav.<br \/>\nJala l\u00e4bim\u00f5\u00f5t 21cm.<\/p>","protected":false},"featured_media":29557,"template":"","meta":{"_acf_changed":false,"inline_featured_image":false},"product_brand":[],"product_cat":[142],"product_tag":[9593,8744,6328],"class_list":{"0":"post-9124","1":"product","2":"type-product","3":"status-publish","4":"has-post-thumbnail","6":"product_cat-kuulerid","7":"product_tag-shampuse-kuuler","8":"product_tag-vahuveini-kuuler","9":"product_tag-veinijahutaja","10":"pa_kaubamark-aps","12":"first","13":"instock","14":"shipping-taxable","15":"purchasable","16":"product-type-simple"},"acf":[],"_links":{"self":[{"href":"https:\/\/farwell.ee\/en\/wp-json\/wp\/v2\/product\/9124","targetHints":{"allow":["GET"]}}],"collection":[{"href":"https:\/\/farwell.ee\/en\/wp-json\/wp\/v2\/product"}],"about":[{"href":"https:\/\/farwell.ee\/en\/wp-json\/wp\/v2\/types\/product"}],"wp:featuredmedia":[{"embeddable":true,"href":"https:\/\/farwell.ee\/en\/wp-json\/wp\/v2\/media\/29557"}],"wp:attachment":[{"href":"https:\/\/farwell.ee\/en\/wp-json\/wp\/v2\/media?parent=9124"}],"wp:term":[{"taxonomy":"product_brand","embeddable":true,"href":"https:\/\/farwell.ee\/en\/wp-json\/wp\/v2\/product_brand?post=9124"},{"taxonomy":"product_cat","embeddable":true,"href":"https:\/\/farwell.ee\/en\/wp-json\/wp\/v2\/product_cat?post=9124"},{"taxonomy":"product_tag","embeddable":true,"href":"https:\/\/farwell.ee\/en\/wp-json\/wp\/v2\/product_tag?post=9124"}],"curies":[{"name":"wp","href":"https:\/\/api.w.org\/{rel}","templated":true}]}}