{"id":9010,"date":"2021-02-01T16:15:32","date_gmt":"2021-02-01T14:15:32","guid":{"rendered":"https:\/\/farwell.ee\/toode\/marmiit-globe-gn-1-1-klaaskaanega\/"},"modified":"2026-04-16T14:00:05","modified_gmt":"2026-04-16T11:00:05","slug":"marmiit-globe-gn-1-1-klaaskaanega","status":"publish","type":"product","link":"https:\/\/farwell.ee\/en\/product\/marmiit-globe-gn-1-1-klaaskaanega\/","title":{"rendered":"Marmiit &#8220;Globe&#8221; GN 1\/1 klaaskaanega"},"content":{"rendered":"","protected":false},"excerpt":{"rendered":"<p>Peegelpoleeritud viimistlus.<br \/>\nEemaldatav klaasaknaga roostevabast terasest h\u00fcdrauliline kaas.<br \/>\nKolmekihiline p\u00f5hi optimaalseks soojusjaotuseks, sobib induktsioonplaadi k\u00fcttekehale.<br \/>\nKomplektis on : marmiidi raam + veen\u00f5u + GN-n\u00f5u 1\/1 65 mm, mahuga 9L + s\u00f6\u00f6giriistade hoidik + 2 p\u00f5letihoidjat + raam induktsioonplaadi jaoks.<br \/>\nSobilik induktsioonplaat k\u00fcttekeha on koodiga 12295.<\/p>","protected":false},"featured_media":18311,"template":"","meta":{"_acf_changed":false,"inline_featured_image":false},"product_brand":[],"product_cat":[147],"product_tag":[],"class_list":{"0":"post-9010","1":"product","2":"type-product","3":"status-publish","4":"has-post-thumbnail","6":"product_cat-marmiidid","7":"pa_kaubamark-aps","9":"first","10":"outofstock","11":"shipping-taxable","12":"purchasable","13":"product-type-simple"},"acf":[],"_links":{"self":[{"href":"https:\/\/farwell.ee\/en\/wp-json\/wp\/v2\/product\/9010","targetHints":{"allow":["GET"]}}],"collection":[{"href":"https:\/\/farwell.ee\/en\/wp-json\/wp\/v2\/product"}],"about":[{"href":"https:\/\/farwell.ee\/en\/wp-json\/wp\/v2\/types\/product"}],"wp:featuredmedia":[{"embeddable":true,"href":"https:\/\/farwell.ee\/en\/wp-json\/wp\/v2\/media\/18311"}],"wp:attachment":[{"href":"https:\/\/farwell.ee\/en\/wp-json\/wp\/v2\/media?parent=9010"}],"wp:term":[{"taxonomy":"product_brand","embeddable":true,"href":"https:\/\/farwell.ee\/en\/wp-json\/wp\/v2\/product_brand?post=9010"},{"taxonomy":"product_cat","embeddable":true,"href":"https:\/\/farwell.ee\/en\/wp-json\/wp\/v2\/product_cat?post=9010"},{"taxonomy":"product_tag","embeddable":true,"href":"https:\/\/farwell.ee\/en\/wp-json\/wp\/v2\/product_tag?post=9010"}],"curies":[{"name":"wp","href":"https:\/\/api.w.org\/{rel}","templated":true}]}}