{"id":9004,"date":"2021-02-01T16:15:30","date_gmt":"2021-02-01T14:15:30","guid":{"rendered":"https:\/\/farwell.ee\/toode\/marmiit-globe-o-45cm-6l\/"},"modified":"2025-08-27T20:45:03","modified_gmt":"2025-08-27T17:45:03","slug":"marmiit-globe-o-45cm-6l","status":"publish","type":"product","link":"https:\/\/farwell.ee\/en\/product\/marmiit-globe-o-45cm-6l\/","title":{"rendered":"Marmiit 6L \u00fcmmargune Globe, \u00d838,5cm"},"content":{"rendered":"","protected":false},"excerpt":{"rendered":"<p>Peegelpoleeritud viimistlus.<br \/>\nEemaldatav roostevabast terasest h\u00fcdrauliline kaas.<br \/>\nKolmekihiline p\u00f5hi optimaalseks soojusjaotuseks, sobib induktsioonplaadi k\u00fcttekehale.<br \/>\nKomplektis on : marmiidi raam + veen\u00f5u + \u00fcmmargune toidun\u00f5u mahuga 6L + s\u00f6\u00f6giriistade hoidik + p\u00f5letihoidja + raam induktsioonplaadi jaoks.<br \/>\nSobilik induktsioonplaat k\u00fcttekeha on koodiga 12295.<\/p>","protected":false},"featured_media":35047,"template":"","meta":{"_acf_changed":false,"inline_featured_image":false},"product_brand":[],"product_cat":[147],"product_tag":[],"class_list":{"0":"post-9004","1":"product","2":"type-product","3":"status-publish","4":"has-post-thumbnail","6":"product_cat-marmiidid","7":"pa_kaubamark-aps","9":"first","10":"outofstock","11":"shipping-taxable","12":"purchasable","13":"product-type-simple"},"acf":[],"_links":{"self":[{"href":"https:\/\/farwell.ee\/en\/wp-json\/wp\/v2\/product\/9004","targetHints":{"allow":["GET"]}}],"collection":[{"href":"https:\/\/farwell.ee\/en\/wp-json\/wp\/v2\/product"}],"about":[{"href":"https:\/\/farwell.ee\/en\/wp-json\/wp\/v2\/types\/product"}],"wp:featuredmedia":[{"embeddable":true,"href":"https:\/\/farwell.ee\/en\/wp-json\/wp\/v2\/media\/35047"}],"wp:attachment":[{"href":"https:\/\/farwell.ee\/en\/wp-json\/wp\/v2\/media?parent=9004"}],"wp:term":[{"taxonomy":"product_brand","embeddable":true,"href":"https:\/\/farwell.ee\/en\/wp-json\/wp\/v2\/product_brand?post=9004"},{"taxonomy":"product_cat","embeddable":true,"href":"https:\/\/farwell.ee\/en\/wp-json\/wp\/v2\/product_cat?post=9004"},{"taxonomy":"product_tag","embeddable":true,"href":"https:\/\/farwell.ee\/en\/wp-json\/wp\/v2\/product_tag?post=9004"}],"curies":[{"name":"wp","href":"https:\/\/api.w.org\/{rel}","templated":true}]}}