{"id":8988,"date":"2021-02-01T16:15:24","date_gmt":"2021-02-01T14:15:24","guid":{"rendered":"https:\/\/farwell.ee\/toode\/induktsioonplaat-kuttekeha-24cm-900w\/"},"modified":"2026-04-07T12:30:05","modified_gmt":"2026-04-07T09:30:05","slug":"induktsioonplaat-kuttekeha-24cm-900w","status":"publish","type":"product","link":"https:\/\/farwell.ee\/en\/product\/induktsioonplaat-kuttekeha-24cm-900w\/","title":{"rendered":"Induktsioonplaat k\u00fcttekeha 24cm, 900w"},"content":{"rendered":"","protected":false},"excerpt":{"rendered":"<p>Sisaldab kaabliga kaugjuhtimispulti, energias\u00e4\u00e4stlik, 5 astmes reguleeritav v\u00f5imsus.<\/p>\n<p>Sobilikud paigaldusraamid on koodidega 12272, 12291 ja 12296.<br \/>\nPaigaldusraam 12291 sobib \u00fcmmargustele Globe marmiitidele.<br \/>\nPaigaldusraam 12296 sobib GN 1\/1 m\u00f5\u00f5duga Globe marmiitidele.<br \/>\nPaigaldusraam 12272 sobib puidust raamile koodiga 12276.<\/p>","protected":false},"featured_media":18308,"template":"","meta":{"_acf_changed":false,"inline_featured_image":false},"product_brand":[],"product_cat":[147],"product_tag":[],"class_list":{"0":"post-8988","1":"product","2":"type-product","3":"status-publish","4":"has-post-thumbnail","6":"product_cat-marmiidid","7":"pa_kaubamark-aps","9":"first","10":"outofstock","11":"shipping-taxable","12":"purchasable","13":"product-type-simple"},"acf":[],"_links":{"self":[{"href":"https:\/\/farwell.ee\/en\/wp-json\/wp\/v2\/product\/8988","targetHints":{"allow":["GET"]}}],"collection":[{"href":"https:\/\/farwell.ee\/en\/wp-json\/wp\/v2\/product"}],"about":[{"href":"https:\/\/farwell.ee\/en\/wp-json\/wp\/v2\/types\/product"}],"wp:featuredmedia":[{"embeddable":true,"href":"https:\/\/farwell.ee\/en\/wp-json\/wp\/v2\/media\/18308"}],"wp:attachment":[{"href":"https:\/\/farwell.ee\/en\/wp-json\/wp\/v2\/media?parent=8988"}],"wp:term":[{"taxonomy":"product_brand","embeddable":true,"href":"https:\/\/farwell.ee\/en\/wp-json\/wp\/v2\/product_brand?post=8988"},{"taxonomy":"product_cat","embeddable":true,"href":"https:\/\/farwell.ee\/en\/wp-json\/wp\/v2\/product_cat?post=8988"},{"taxonomy":"product_tag","embeddable":true,"href":"https:\/\/farwell.ee\/en\/wp-json\/wp\/v2\/product_tag?post=8988"}],"curies":[{"name":"wp","href":"https:\/\/api.w.org\/{rel}","templated":true}]}}