{"id":8370,"date":"2021-02-01T15:32:49","date_gmt":"2021-02-01T13:32:49","guid":{"rendered":"https:\/\/farwell.ee\/toode\/koonussoel-24cm\/"},"modified":"2026-04-14T11:00:04","modified_gmt":"2026-04-14T08:00:04","slug":"koonussoel-24cm","status":"publish","type":"product","link":"https:\/\/farwell.ee\/en\/product\/koonussoel-24cm\/","title":{"rendered":"Koonuss\u00f5el 24cm tiheda v\u00f5rguga"},"content":{"rendered":"","protected":false},"excerpt":{"rendered":"<p>Kastmes\u00f5el ehk hiina kolander tiheda v\u00f5rguga.<\/p>","protected":false},"featured_media":29668,"template":"","meta":{"_acf_changed":false,"inline_featured_image":false},"product_brand":[],"product_cat":[174],"product_tag":[6108,6112,6153,6164],"class_list":{"0":"post-8370","1":"product","2":"type-product","3":"status-publish","4":"has-post-thumbnail","6":"product_cat-soelad-ja-salatikuivatajad","7":"product_tag-hiina-kolander","8":"product_tag-kastmesoel","9":"product_tag-soel","10":"product_tag-vorksoel","11":"pa_kaubamark-paderno","13":"first","14":"instock","15":"shipping-taxable","16":"purchasable","17":"product-type-simple"},"acf":[],"_links":{"self":[{"href":"https:\/\/farwell.ee\/en\/wp-json\/wp\/v2\/product\/8370","targetHints":{"allow":["GET"]}}],"collection":[{"href":"https:\/\/farwell.ee\/en\/wp-json\/wp\/v2\/product"}],"about":[{"href":"https:\/\/farwell.ee\/en\/wp-json\/wp\/v2\/types\/product"}],"wp:featuredmedia":[{"embeddable":true,"href":"https:\/\/farwell.ee\/en\/wp-json\/wp\/v2\/media\/29668"}],"wp:attachment":[{"href":"https:\/\/farwell.ee\/en\/wp-json\/wp\/v2\/media?parent=8370"}],"wp:term":[{"taxonomy":"product_brand","embeddable":true,"href":"https:\/\/farwell.ee\/en\/wp-json\/wp\/v2\/product_brand?post=8370"},{"taxonomy":"product_cat","embeddable":true,"href":"https:\/\/farwell.ee\/en\/wp-json\/wp\/v2\/product_cat?post=8370"},{"taxonomy":"product_tag","embeddable":true,"href":"https:\/\/farwell.ee\/en\/wp-json\/wp\/v2\/product_tag?post=8370"}],"curies":[{"name":"wp","href":"https:\/\/api.w.org\/{rel}","templated":true}]}}