{"id":8194,"date":"2021-02-01T15:32:04","date_gmt":"2021-02-01T13:32:04","guid":{"rendered":"https:\/\/farwell.ee\/toode\/pizzapann-o-40cm\/"},"modified":"2026-03-05T15:45:06","modified_gmt":"2026-03-05T13:45:06","slug":"pizzapann-o-40cm","status":"publish","type":"product","link":"https:\/\/farwell.ee\/en\/product\/pizzapann-o-40cm\/","title":{"rendered":"Pitsapann \u00d840cm terasest"},"content":{"rendered":"","protected":false},"excerpt":{"rendered":"<p>Valmistatud karastatud terasest (sinine teras), mis sobib suurep\u00e4raselt pannipitsa valmistamiseks.<br \/>\nKarastusprotsessi k\u00e4igus on teras osaliselt kaitstud rooste eest.<br \/>\nMasinpesu ei ole lubatud !<\/p>\n<p>Ettevalmistus kasutamiseks: kuumuta ahi 150\u00b0C-ni ja p\u00f5leta pitsapanni pinnalt tehaserasv ahjus, umbes 30 minutit.<br \/>\nLaske pannil jahtuda ja seej\u00e4rel on see kasutamiseks valmis.<\/p>\n<p>Me ei soovita terasest pitsapanne veega pesta, aga kui pead seda siiski tegema, siis kuivata pann p\u00e4rast hoolikalt ahjus, jahuta seej\u00e4rel ja m\u00e4\u00e4ri \u00f5huke kiht taime\u00f5li, et pann ei roostetaks.<br \/>\nKui pannile tekivad siiski roostet\u00e4pid v\u00f5i roostekiht, siis eemalda rooste n\u00e4iteks terasvillaga, pese pann hoolikalt, kuivata ja tee uus rasvap\u00f5letus ahjus.<\/p>","protected":false},"featured_media":8193,"template":"","meta":{"_acf_changed":false,"inline_featured_image":false},"product_brand":[],"product_cat":[154],"product_tag":[6392],"class_list":{"0":"post-8194","1":"product","2":"type-product","3":"status-publish","4":"has-post-thumbnail","6":"product_cat-pizzatarvikud","7":"product_tag-pitsa","8":"pa_kaubamark-paderno","10":"first","11":"instock","12":"shipping-taxable","13":"purchasable","14":"product-type-simple"},"acf":[],"_links":{"self":[{"href":"https:\/\/farwell.ee\/en\/wp-json\/wp\/v2\/product\/8194","targetHints":{"allow":["GET"]}}],"collection":[{"href":"https:\/\/farwell.ee\/en\/wp-json\/wp\/v2\/product"}],"about":[{"href":"https:\/\/farwell.ee\/en\/wp-json\/wp\/v2\/types\/product"}],"wp:featuredmedia":[{"embeddable":true,"href":"https:\/\/farwell.ee\/en\/wp-json\/wp\/v2\/media\/8193"}],"wp:attachment":[{"href":"https:\/\/farwell.ee\/en\/wp-json\/wp\/v2\/media?parent=8194"}],"wp:term":[{"taxonomy":"product_brand","embeddable":true,"href":"https:\/\/farwell.ee\/en\/wp-json\/wp\/v2\/product_brand?post=8194"},{"taxonomy":"product_cat","embeddable":true,"href":"https:\/\/farwell.ee\/en\/wp-json\/wp\/v2\/product_cat?post=8194"},{"taxonomy":"product_tag","embeddable":true,"href":"https:\/\/farwell.ee\/en\/wp-json\/wp\/v2\/product_tag?post=8194"}],"curies":[{"name":"wp","href":"https:\/\/api.w.org\/{rel}","templated":true}]}}