{"id":39126,"date":"2026-05-13T09:00:04","date_gmt":"2026-05-13T06:00:04","guid":{"rendered":"https:\/\/farwell.ee\/toode\/kulmaplaat-gn-1-2-gobox-termokastidele\/"},"modified":"2026-05-13T09:07:32","modified_gmt":"2026-05-13T06:07:32","slug":"kulmaplaat-gn-1-2-gobox-termokastidele","status":"publish","type":"product","link":"https:\/\/farwell.ee\/en\/product\/kulmaplaat-gn-1-2-gobox-termokastidele\/","title":{"rendered":"K\u00fclmaplaat Gn 1\/2 GoBox termokastidele"},"content":{"rendered":"","protected":false},"excerpt":{"rendered":"<p>M\u00f5eldud toidu k\u00fclmashoidmise aja pikendamiseks.<br \/>\nK\u00fclmuta s\u00fcgavk\u00fclmikus \u00fcle\u00f6\u00f6 tasapinnaliselt ja aseta termokastis GN-n\u00f5u peale.<br \/>\nPikendab ohutut s\u00e4ilitusaega.<\/p>","protected":false},"featured_media":39125,"template":"","meta":{"_acf_changed":false,"inline_featured_image":false},"product_brand":[],"product_cat":[5554],"product_tag":[],"class_list":{"0":"post-39126","1":"product","2":"type-product","3":"status-publish","4":"has-post-thumbnail","6":"product_cat-termokastid-ja-termokapid","7":"pa_kaubamark-cambro","9":"first","10":"outofstock","11":"shipping-taxable","12":"purchasable","13":"product-type-simple"},"acf":[],"_links":{"self":[{"href":"https:\/\/farwell.ee\/en\/wp-json\/wp\/v2\/product\/39126","targetHints":{"allow":["GET"]}}],"collection":[{"href":"https:\/\/farwell.ee\/en\/wp-json\/wp\/v2\/product"}],"about":[{"href":"https:\/\/farwell.ee\/en\/wp-json\/wp\/v2\/types\/product"}],"wp:featuredmedia":[{"embeddable":true,"href":"https:\/\/farwell.ee\/en\/wp-json\/wp\/v2\/media\/39125"}],"wp:attachment":[{"href":"https:\/\/farwell.ee\/en\/wp-json\/wp\/v2\/media?parent=39126"}],"wp:term":[{"taxonomy":"product_brand","embeddable":true,"href":"https:\/\/farwell.ee\/en\/wp-json\/wp\/v2\/product_brand?post=39126"},{"taxonomy":"product_cat","embeddable":true,"href":"https:\/\/farwell.ee\/en\/wp-json\/wp\/v2\/product_cat?post=39126"},{"taxonomy":"product_tag","embeddable":true,"href":"https:\/\/farwell.ee\/en\/wp-json\/wp\/v2\/product_tag?post=39126"}],"curies":[{"name":"wp","href":"https:\/\/api.w.org\/{rel}","templated":true}]}}