{"id":39095,"date":"2026-05-11T09:15:05","date_gmt":"2026-05-11T06:15:05","guid":{"rendered":"https:\/\/farwell.ee\/toode\/sailituskast-18l-kaaneta-poluetuleenist-305x46x23cm\/"},"modified":"2026-05-11T09:15:05","modified_gmt":"2026-05-11T06:15:05","slug":"sailituskast-18l-kaaneta-poluetuleenist-305x46x23cm","status":"publish","type":"product","link":"https:\/\/farwell.ee\/en\/product\/sailituskast-18l-kaaneta-poluetuleenist-305x46x23cm\/","title":{"rendered":"S\u00e4ilituskast 18L kaaneta, pol\u00fcet\u00fcleenist, 30,5x46x23cm"},"content":{"rendered":"","protected":false},"excerpt":{"rendered":"","protected":false},"featured_media":39094,"template":"","meta":{"_acf_changed":false,"inline_featured_image":false},"product_brand":[],"product_cat":[8418,5674],"product_tag":[],"class_list":{"0":"post-39095","1":"product","2":"type-product","3":"status-publish","4":"has-post-thumbnail","6":"product_cat-sailitus-ja-transport-outlet","7":"product_cat-sailitus-ja-transpordikastid","8":"pa_kaubamark-cambro","10":"first","11":"instock","12":"sale","13":"shipping-taxable","14":"purchasable","15":"product-type-simple"},"acf":[],"_links":{"self":[{"href":"https:\/\/farwell.ee\/en\/wp-json\/wp\/v2\/product\/39095","targetHints":{"allow":["GET"]}}],"collection":[{"href":"https:\/\/farwell.ee\/en\/wp-json\/wp\/v2\/product"}],"about":[{"href":"https:\/\/farwell.ee\/en\/wp-json\/wp\/v2\/types\/product"}],"wp:featuredmedia":[{"embeddable":true,"href":"https:\/\/farwell.ee\/en\/wp-json\/wp\/v2\/media\/39094"}],"wp:attachment":[{"href":"https:\/\/farwell.ee\/en\/wp-json\/wp\/v2\/media?parent=39095"}],"wp:term":[{"taxonomy":"product_brand","embeddable":true,"href":"https:\/\/farwell.ee\/en\/wp-json\/wp\/v2\/product_brand?post=39095"},{"taxonomy":"product_cat","embeddable":true,"href":"https:\/\/farwell.ee\/en\/wp-json\/wp\/v2\/product_cat?post=39095"},{"taxonomy":"product_tag","embeddable":true,"href":"https:\/\/farwell.ee\/en\/wp-json\/wp\/v2\/product_tag?post=39095"}],"curies":[{"name":"wp","href":"https:\/\/api.w.org\/{rel}","templated":true}]}}