{"id":39053,"date":"2026-05-06T15:15:04","date_gmt":"2026-05-06T12:15:04","guid":{"rendered":"https:\/\/farwell.ee\/toode\/jaatiselusikas-ehk-jaatisespaatel-valge\/"},"modified":"2026-05-06T15:30:04","modified_gmt":"2026-05-06T12:30:04","slug":"jaatiselusikas-ehk-jaatisespaatel-valge","status":"publish","type":"product","link":"https:\/\/farwell.ee\/en\/product\/jaatiselusikas-ehk-jaatisespaatel-valge\/","title":{"rendered":"J\u00e4\u00e4tiselusikas ehk j\u00e4\u00e4tisespaatel 20cm valge"},"content":{"rendered":"","protected":false},"excerpt":{"rendered":"","protected":false},"featured_media":39052,"template":"","meta":{"_acf_changed":false,"inline_featured_image":false},"product_brand":[],"product_cat":[184],"product_tag":[],"class_list":{"0":"post-39053","1":"product","2":"type-product","3":"status-publish","4":"has-post-thumbnail","6":"product_cat-tosteriistad","7":"pa_kaubamark-paderno","9":"first","10":"instock","11":"shipping-taxable","12":"purchasable","13":"product-type-simple"},"acf":[],"_links":{"self":[{"href":"https:\/\/farwell.ee\/en\/wp-json\/wp\/v2\/product\/39053","targetHints":{"allow":["GET"]}}],"collection":[{"href":"https:\/\/farwell.ee\/en\/wp-json\/wp\/v2\/product"}],"about":[{"href":"https:\/\/farwell.ee\/en\/wp-json\/wp\/v2\/types\/product"}],"wp:featuredmedia":[{"embeddable":true,"href":"https:\/\/farwell.ee\/en\/wp-json\/wp\/v2\/media\/39052"}],"wp:attachment":[{"href":"https:\/\/farwell.ee\/en\/wp-json\/wp\/v2\/media?parent=39053"}],"wp:term":[{"taxonomy":"product_brand","embeddable":true,"href":"https:\/\/farwell.ee\/en\/wp-json\/wp\/v2\/product_brand?post=39053"},{"taxonomy":"product_cat","embeddable":true,"href":"https:\/\/farwell.ee\/en\/wp-json\/wp\/v2\/product_cat?post=39053"},{"taxonomy":"product_tag","embeddable":true,"href":"https:\/\/farwell.ee\/en\/wp-json\/wp\/v2\/product_tag?post=39053"}],"curies":[{"name":"wp","href":"https:\/\/api.w.org\/{rel}","templated":true}]}}