{"id":39025,"date":"2026-05-05T08:00:04","date_gmt":"2026-05-05T05:00:04","guid":{"rendered":"https:\/\/farwell.ee\/toode\/banketikaru-17-le-gn-2-1-kandikule-elektrikuttega-1-sektsiooniga-f17\/"},"modified":"2026-05-05T08:22:24","modified_gmt":"2026-05-05T05:22:24","slug":"banketikaru-17-le-gn-2-1-kandikule-elektrikuttega-1-sektsiooniga-f17","status":"publish","type":"product","link":"https:\/\/farwell.ee\/en\/product\/banketikaru-17-le-gn-2-1-kandikule-elektrikuttega-1-sektsiooniga-f17\/","title":{"rendered":"Banketik\u00e4ru 17-le GN 2\/1 kandikule, elektrik\u00fcttega, 1-sektsiooniga F17"},"content":{"rendered":"","protected":false},"excerpt":{"rendered":"<p>THERMOBOX\u00ae F &#8211; Konvektsioonkuumutusega.<br \/>\nSDX\u00ae Thermobox\u00ae Banquet on loodud suurte toidukoguste kiireks ja t\u00f5husaks transportimiseks ja serveerimiseks.<br \/>\nIdeaalne staadionidele, hotellidesse ja konverentsikeskustesse.<br \/>\nToiduk\u00e4ru suur maht koos 17-juhikuga loob paindliku ja t\u00f5husa toidutranspordi.<\/p>\n<p>V\u00c4ISSEINAD: ABS-plastist.<br \/>\nSISEMINE KORPUS: Keevitatud alumiiniumist konteiner.<br \/>\nJUHIKUD: Roostevabast terasest juhikud neetidega.<br \/>\nISOLATSIOON: Pol\u00fcuretaan.<br \/>\nUKS: Sisepind siledast ja \u00f5mblusteta roostevabast terasest. V\u00e4lispind ABS-plastist.<br \/>\nRATTAD: 160 mm rattad, kaks piduriga ja kaks fikseeritud.<br \/>\nK\u00c4RU RAAM: Roostevabast terasest , mis on kaetud PVC-ga.<br \/>\nT\u00f5hus konvektsioonk\u00fcttes\u00fcsteem elektroonilise temperatuuri reguleerimisega.<br \/>\nIP44 kaitseklass.<\/p>\n<p>Mahutab\u00a0 17 x GN 2\/1 , 80mm vahekaugusega.<br \/>\nV\u00e4lism\u00f5\u00f5tmed: L: 790 mm x S: 890 mm x K: 1740 mm.<br \/>\nSisem\u00f5\u00f5tmed: L: 535 mm x S: 667 mm x K: 1405 mm.<br \/>\nKaal: 109 kg.<\/p>\n<p>Pinge 230V \/ v\u00f5imsus 1350W.<br \/>\n\u00dche k\u00e4ega haaratav k\u00e4epide.<br \/>\nLisaks on k\u00fclgedel ja tagak\u00fcljel t\u00f5mbek\u00e4epidemed.<\/p>","protected":false},"featured_media":39027,"template":"","meta":{"_acf_changed":false,"inline_featured_image":false},"product_brand":[],"product_cat":[11505],"product_tag":[13339],"class_list":{"0":"post-39025","1":"product","2":"type-product","3":"status-publish","4":"has-post-thumbnail","6":"product_cat-toidutranspordi-karud","7":"product_tag-toidukaru","8":"pa_kaubamark-sdx-thermobox","10":"first","11":"outofstock","12":"shipping-taxable","13":"purchasable","14":"product-type-simple"},"acf":[],"_links":{"self":[{"href":"https:\/\/farwell.ee\/en\/wp-json\/wp\/v2\/product\/39025","targetHints":{"allow":["GET"]}}],"collection":[{"href":"https:\/\/farwell.ee\/en\/wp-json\/wp\/v2\/product"}],"about":[{"href":"https:\/\/farwell.ee\/en\/wp-json\/wp\/v2\/types\/product"}],"wp:featuredmedia":[{"embeddable":true,"href":"https:\/\/farwell.ee\/en\/wp-json\/wp\/v2\/media\/39027"}],"wp:attachment":[{"href":"https:\/\/farwell.ee\/en\/wp-json\/wp\/v2\/media?parent=39025"}],"wp:term":[{"taxonomy":"product_brand","embeddable":true,"href":"https:\/\/farwell.ee\/en\/wp-json\/wp\/v2\/product_brand?post=39025"},{"taxonomy":"product_cat","embeddable":true,"href":"https:\/\/farwell.ee\/en\/wp-json\/wp\/v2\/product_cat?post=39025"},{"taxonomy":"product_tag","embeddable":true,"href":"https:\/\/farwell.ee\/en\/wp-json\/wp\/v2\/product_tag?post=39025"}],"curies":[{"name":"wp","href":"https:\/\/api.w.org\/{rel}","templated":true}]}}