{"id":39010,"date":"2026-04-30T15:44:39","date_gmt":"2026-04-30T12:44:39","guid":{"rendered":"https:\/\/farwell.ee\/?post_type=product&#038;p=39010"},"modified":"2026-04-30T22:43:55","modified_gmt":"2026-04-30T19:43:55","slug":"pitsa-kulmtoolaud-2-ukse-ja-2-sahtliga","status":"publish","type":"product","link":"https:\/\/farwell.ee\/en\/product\/pitsa-kulmtoolaud-2-ukse-ja-2-sahtliga\/","title":{"rendered":"Pitsa k\u00fclmt\u00f6\u00f6laud 2-ukse ja 2-sahtliga"},"content":{"rendered":"","protected":false},"excerpt":{"rendered":"","protected":false},"featured_media":39011,"template":"","meta":{"_acf_changed":false,"inline_featured_image":false},"product_brand":[],"product_cat":[8607],"product_tag":[],"class_list":{"0":"post-39010","1":"product","2":"type-product","3":"status-publish","4":"has-post-thumbnail","6":"product_cat-kasutatud-koogiseadmed","8":"first","9":"outofstock","10":"shipping-taxable","11":"product-type-simple"},"acf":[],"_links":{"self":[{"href":"https:\/\/farwell.ee\/en\/wp-json\/wp\/v2\/product\/39010","targetHints":{"allow":["GET"]}}],"collection":[{"href":"https:\/\/farwell.ee\/en\/wp-json\/wp\/v2\/product"}],"about":[{"href":"https:\/\/farwell.ee\/en\/wp-json\/wp\/v2\/types\/product"}],"wp:featuredmedia":[{"embeddable":true,"href":"https:\/\/farwell.ee\/en\/wp-json\/wp\/v2\/media\/39011"}],"wp:attachment":[{"href":"https:\/\/farwell.ee\/en\/wp-json\/wp\/v2\/media?parent=39010"}],"wp:term":[{"taxonomy":"product_brand","embeddable":true,"href":"https:\/\/farwell.ee\/en\/wp-json\/wp\/v2\/product_brand?post=39010"},{"taxonomy":"product_cat","embeddable":true,"href":"https:\/\/farwell.ee\/en\/wp-json\/wp\/v2\/product_cat?post=39010"},{"taxonomy":"product_tag","embeddable":true,"href":"https:\/\/farwell.ee\/en\/wp-json\/wp\/v2\/product_tag?post=39010"}],"curies":[{"name":"wp","href":"https:\/\/api.w.org\/{rel}","templated":true}]}}