{"id":38980,"date":"2026-04-28T08:00:04","date_gmt":"2026-04-28T05:00:04","guid":{"rendered":"https:\/\/farwell.ee\/toode\/paellapann-37cm-valtsitud-sinisest-terasest-bluesteel\/"},"modified":"2026-04-28T08:12:40","modified_gmt":"2026-04-28T05:12:40","slug":"paellapann-37cm-valtsitud-sinisest-terasest-bluesteel","status":"publish","type":"product","link":"https:\/\/farwell.ee\/en\/product\/paellapann-37cm-valtsitud-sinisest-terasest-bluesteel\/","title":{"rendered":"Paellapann 37cm valtsitud sinisest terasest BlueSteel"},"content":{"rendered":"","protected":false},"excerpt":{"rendered":"<p>BlueSteel ehk sinine teras on teraseliik, millele tekib karastamisel sinakas-must mittenakkuv kiht.<br \/>\nTerase karastamismeetod ehk sinistamine, mida m\u00f5nikord nimetatakse ka sinakasv\u00e4rvimiseks, on passiivimisprotsess, mille k\u00e4igus terast osaliselt kaitstakse rooste eest musta oksiidkattega.<br \/>\nSee on nime saanud saadud kaitsekihi sinakasmusta v\u00e4limuse j\u00e4rgi.<br \/>\nSinistamine h\u00f5lmab elektrokeemilist konversioonkatet, mis tekib oks\u00fcdeeriva keemilise reaktsiooni tulemusena pinnal oleva rauaga, moodustades musta raua oksiidi Fe<span class=\"nowrap\"><sub>3<\/sub><\/span>O<span class=\"nowrap\"><sub>4.<\/sub><\/span><\/p>","protected":false},"featured_media":38979,"template":"","meta":{"_acf_changed":false,"inline_featured_image":false},"product_brand":[],"product_cat":[152],"product_tag":[13329],"class_list":{"0":"post-38980","1":"product","2":"type-product","3":"status-publish","4":"has-post-thumbnail","6":"product_cat-pannid","7":"product_tag-risottopann","8":"pa_kaubamark-paderno","10":"first","11":"outofstock","12":"shipping-taxable","13":"purchasable","14":"product-type-simple"},"acf":[],"_links":{"self":[{"href":"https:\/\/farwell.ee\/en\/wp-json\/wp\/v2\/product\/38980","targetHints":{"allow":["GET"]}}],"collection":[{"href":"https:\/\/farwell.ee\/en\/wp-json\/wp\/v2\/product"}],"about":[{"href":"https:\/\/farwell.ee\/en\/wp-json\/wp\/v2\/types\/product"}],"wp:featuredmedia":[{"embeddable":true,"href":"https:\/\/farwell.ee\/en\/wp-json\/wp\/v2\/media\/38979"}],"wp:attachment":[{"href":"https:\/\/farwell.ee\/en\/wp-json\/wp\/v2\/media?parent=38980"}],"wp:term":[{"taxonomy":"product_brand","embeddable":true,"href":"https:\/\/farwell.ee\/en\/wp-json\/wp\/v2\/product_brand?post=38980"},{"taxonomy":"product_cat","embeddable":true,"href":"https:\/\/farwell.ee\/en\/wp-json\/wp\/v2\/product_cat?post=38980"},{"taxonomy":"product_tag","embeddable":true,"href":"https:\/\/farwell.ee\/en\/wp-json\/wp\/v2\/product_tag?post=38980"}],"curies":[{"name":"wp","href":"https:\/\/api.w.org\/{rel}","templated":true}]}}