{"id":38969,"date":"2026-04-25T09:15:05","date_gmt":"2026-04-25T06:15:05","guid":{"rendered":"https:\/\/farwell.ee\/toode\/joogiklaas-40cl-madal-harmatis-polupropuleenist\/"},"modified":"2026-05-13T10:00:08","modified_gmt":"2026-05-13T07:00:08","slug":"joogiklaas-40cl-madal-harmatis-polupropuleenist","status":"publish","type":"product","link":"https:\/\/farwell.ee\/en\/product\/joogiklaas-40cl-madal-harmatis-polupropuleenist\/","title":{"rendered":"Joogiklaas 40cl madal &#8220;h\u00e4rmatis&#8221; pol\u00fcprop\u00fcleenist"},"content":{"rendered":"","protected":false},"excerpt":{"rendered":"","protected":false},"featured_media":38968,"template":"","meta":{"_acf_changed":false,"inline_featured_image":false},"product_brand":[],"product_cat":[134],"product_tag":[6127,6138,6160,6163],"class_list":{"0":"post-38969","1":"product","2":"type-product","3":"status-publish","4":"has-post-thumbnail","6":"product_cat-kokteiliklaasid","7":"product_tag-madal-joogiklaas","8":"product_tag-on-the-rocks","9":"product_tag-veeklaas","10":"product_tag-viskiklaas","11":"pa_kaubamark-italesse","13":"first","14":"outofstock","15":"shipping-taxable","16":"purchasable","17":"product-type-simple"},"acf":[],"_links":{"self":[{"href":"https:\/\/farwell.ee\/en\/wp-json\/wp\/v2\/product\/38969","targetHints":{"allow":["GET"]}}],"collection":[{"href":"https:\/\/farwell.ee\/en\/wp-json\/wp\/v2\/product"}],"about":[{"href":"https:\/\/farwell.ee\/en\/wp-json\/wp\/v2\/types\/product"}],"wp:featuredmedia":[{"embeddable":true,"href":"https:\/\/farwell.ee\/en\/wp-json\/wp\/v2\/media\/38968"}],"wp:attachment":[{"href":"https:\/\/farwell.ee\/en\/wp-json\/wp\/v2\/media?parent=38969"}],"wp:term":[{"taxonomy":"product_brand","embeddable":true,"href":"https:\/\/farwell.ee\/en\/wp-json\/wp\/v2\/product_brand?post=38969"},{"taxonomy":"product_cat","embeddable":true,"href":"https:\/\/farwell.ee\/en\/wp-json\/wp\/v2\/product_cat?post=38969"},{"taxonomy":"product_tag","embeddable":true,"href":"https:\/\/farwell.ee\/en\/wp-json\/wp\/v2\/product_tag?post=38969"}],"curies":[{"name":"wp","href":"https:\/\/api.w.org\/{rel}","templated":true}]}}