{"id":38965,"date":"2026-04-25T09:00:03","date_gmt":"2026-04-25T06:00:03","guid":{"rendered":"https:\/\/farwell.ee\/toode\/joogiklaas-50cl-korge-harmatis-polupropuleenist\/"},"modified":"2026-04-25T09:30:03","modified_gmt":"2026-04-25T06:30:03","slug":"joogiklaas-50cl-korge-harmatis-polupropuleenist","status":"publish","type":"product","link":"https:\/\/farwell.ee\/en\/product\/joogiklaas-50cl-korge-harmatis-polupropuleenist\/","title":{"rendered":"Joogiklaas 50cl k\u00f5rge &#8220;H\u00e4rmatis&#8221; pol\u00fcprop\u00fcleenist"},"content":{"rendered":"","protected":false},"excerpt":{"rendered":"","protected":false},"featured_media":38970,"template":"","meta":{"_acf_changed":false,"inline_featured_image":false},"product_brand":[],"product_cat":[134],"product_tag":[6106,6107,6118,6122],"class_list":{"0":"post-38965","1":"product","2":"type-product","3":"status-publish","4":"has-post-thumbnail","6":"product_cat-kokteiliklaasid","7":"product_tag-grogiklaas","8":"product_tag-high-ball","9":"product_tag-kokteiliklaas","10":"product_tag-korge-joogiklaas","11":"pa_kaubamark-italesse","13":"first","14":"instock","15":"shipping-taxable","16":"purchasable","17":"product-type-simple"},"acf":[],"_links":{"self":[{"href":"https:\/\/farwell.ee\/en\/wp-json\/wp\/v2\/product\/38965","targetHints":{"allow":["GET"]}}],"collection":[{"href":"https:\/\/farwell.ee\/en\/wp-json\/wp\/v2\/product"}],"about":[{"href":"https:\/\/farwell.ee\/en\/wp-json\/wp\/v2\/types\/product"}],"wp:featuredmedia":[{"embeddable":true,"href":"https:\/\/farwell.ee\/en\/wp-json\/wp\/v2\/media\/38970"}],"wp:attachment":[{"href":"https:\/\/farwell.ee\/en\/wp-json\/wp\/v2\/media?parent=38965"}],"wp:term":[{"taxonomy":"product_brand","embeddable":true,"href":"https:\/\/farwell.ee\/en\/wp-json\/wp\/v2\/product_brand?post=38965"},{"taxonomy":"product_cat","embeddable":true,"href":"https:\/\/farwell.ee\/en\/wp-json\/wp\/v2\/product_cat?post=38965"},{"taxonomy":"product_tag","embeddable":true,"href":"https:\/\/farwell.ee\/en\/wp-json\/wp\/v2\/product_tag?post=38965"}],"curies":[{"name":"wp","href":"https:\/\/api.w.org\/{rel}","templated":true}]}}