{"id":38845,"date":"2026-04-01T08:30:04","date_gmt":"2026-04-01T05:30:04","guid":{"rendered":"https:\/\/farwell.ee\/toode\/vaakummasin-250w-vaakumpump-20l-min\/"},"modified":"2026-04-10T08:00:13","modified_gmt":"2026-04-10T05:00:13","slug":"vaakummasin-250w-vaakumpump-20l-min","status":"publish","type":"product","link":"https:\/\/farwell.ee\/en\/product\/vaakummasin-250w-vaakumpump-20l-min\/","title":{"rendered":"Vaakummasin 250W, vaakumpump 20L\/min"},"content":{"rendered":"","protected":false},"excerpt":{"rendered":"<p>Kasutamiseks paljudes t\u00f6\u00f6stusharudes ja koduk\u00f6\u00f6kides.<br \/>\nToiduainete ja tehniliste toodete, v.a vedelike, pakendamiseks.<br \/>\nKorpus on valmistatud roostevabast terasest AISI 304.<br \/>\nKaane tihend tagab lekkekindluse t\u00f6\u00f6 ajal.<br \/>\nLihtsalt kasutatav juhtpaneel.<br \/>\nKoti sulgemise aeg: 3,5 s.<br \/>\nVibratsioonipump.<br \/>\nPumba v\u00f5imsus: 20 l\/min.<br \/>\nNetokaal: 8 kg.<br \/>\nPakkimisseade ei ole ette n\u00e4htud pidevaks t\u00f6\u00f6ks.<br \/>\nKasutatakse ainult rihveldatud kottidega.<\/p>","protected":false},"featured_media":38844,"template":"","meta":{"_acf_changed":false,"inline_featured_image":false},"product_brand":[],"product_cat":[12405],"product_tag":[12404],"class_list":{"0":"post-38845","1":"product","2":"type-product","3":"status-publish","4":"has-post-thumbnail","6":"product_cat-vaakummasinad","7":"product_tag-vaakumpakendaja","8":"pa_kaubamark-hendi","10":"first","11":"outofstock","12":"shipping-taxable","13":"purchasable","14":"product-type-simple"},"acf":[],"_links":{"self":[{"href":"https:\/\/farwell.ee\/en\/wp-json\/wp\/v2\/product\/38845","targetHints":{"allow":["GET"]}}],"collection":[{"href":"https:\/\/farwell.ee\/en\/wp-json\/wp\/v2\/product"}],"about":[{"href":"https:\/\/farwell.ee\/en\/wp-json\/wp\/v2\/types\/product"}],"wp:featuredmedia":[{"embeddable":true,"href":"https:\/\/farwell.ee\/en\/wp-json\/wp\/v2\/media\/38844"}],"wp:attachment":[{"href":"https:\/\/farwell.ee\/en\/wp-json\/wp\/v2\/media?parent=38845"}],"wp:term":[{"taxonomy":"product_brand","embeddable":true,"href":"https:\/\/farwell.ee\/en\/wp-json\/wp\/v2\/product_brand?post=38845"},{"taxonomy":"product_cat","embeddable":true,"href":"https:\/\/farwell.ee\/en\/wp-json\/wp\/v2\/product_cat?post=38845"},{"taxonomy":"product_tag","embeddable":true,"href":"https:\/\/farwell.ee\/en\/wp-json\/wp\/v2\/product_tag?post=38845"}],"curies":[{"name":"wp","href":"https:\/\/api.w.org\/{rel}","templated":true}]}}