{"id":38835,"date":"2026-03-31T11:15:04","date_gmt":"2026-03-31T08:15:04","guid":{"rendered":"https:\/\/farwell.ee\/toode\/vaakumkott-150-x-250mm-gofreeritud-100tk-pakis\/"},"modified":"2026-03-31T11:21:22","modified_gmt":"2026-03-31T08:21:22","slug":"vaakumkott-150-x-250mm-gofreeritud-100tk-pakis","status":"publish","type":"product","link":"https:\/\/farwell.ee\/en\/product\/vaakumkott-150-x-250mm-gofreeritud-100tk-pakis\/","title":{"rendered":"Vaakumkott 150 x 250mm gofreeritud, 100tk pakis"},"content":{"rendered":"","protected":false},"excerpt":{"rendered":"<div class=\"richContent-root-Ykt\"><span style=\"font-size: 1rem\">Materjal: 2-kihiline , PA (Pol\u00fcamiid\/Nailon), PET (Pol\u00fcet\u00fcleentereftalaat)<br \/>\nPol\u00fcprop\u00fcleenist sisekiht 60 \u03bcm, sobib kokkupuuteks toiduainetega.<br \/>\nV\u00e4limine kiht 15 \u03bcm pol\u00fcamiidist (nailon) suurendab tugevust ja garanteerib hermeetilisuse.<br \/>\n\u00dcldpaksus: 75 \u03bcm.<br \/>\nMaterjalid toimivad UV-filtrina.<br \/>\nGofreeritud kiht h\u00f5lbustab \u00f5hu v\u00e4lja imamist ja vaakumi moodustumist.<br \/>\nV\u00f5ib kasutada temperatuuridel -20 \u00b0C kuni +110 \u00b0C.<br \/>\nKambriga ja kambrita vaakumpakendusmasinatele.<\/span><\/div>","protected":false},"featured_media":38833,"template":"","meta":{"_acf_changed":false,"inline_featured_image":false},"product_brand":[],"product_cat":[7535],"product_tag":[],"class_list":{"0":"post-38835","1":"product","2":"type-product","3":"status-publish","4":"has-post-thumbnail","6":"product_cat-kulumaterjalid","7":"pa_kaubamark-hendi","9":"first","10":"outofstock","11":"shipping-taxable","12":"purchasable","13":"product-type-simple"},"acf":[],"_links":{"self":[{"href":"https:\/\/farwell.ee\/en\/wp-json\/wp\/v2\/product\/38835","targetHints":{"allow":["GET"]}}],"collection":[{"href":"https:\/\/farwell.ee\/en\/wp-json\/wp\/v2\/product"}],"about":[{"href":"https:\/\/farwell.ee\/en\/wp-json\/wp\/v2\/types\/product"}],"wp:featuredmedia":[{"embeddable":true,"href":"https:\/\/farwell.ee\/en\/wp-json\/wp\/v2\/media\/38833"}],"wp:attachment":[{"href":"https:\/\/farwell.ee\/en\/wp-json\/wp\/v2\/media?parent=38835"}],"wp:term":[{"taxonomy":"product_brand","embeddable":true,"href":"https:\/\/farwell.ee\/en\/wp-json\/wp\/v2\/product_brand?post=38835"},{"taxonomy":"product_cat","embeddable":true,"href":"https:\/\/farwell.ee\/en\/wp-json\/wp\/v2\/product_cat?post=38835"},{"taxonomy":"product_tag","embeddable":true,"href":"https:\/\/farwell.ee\/en\/wp-json\/wp\/v2\/product_tag?post=38835"}],"curies":[{"name":"wp","href":"https:\/\/api.w.org\/{rel}","templated":true}]}}