{"id":38802,"date":"2026-03-26T13:00:04","date_gmt":"2026-03-26T11:00:04","guid":{"rendered":"https:\/\/farwell.ee\/toode\/toidukaru-14-le-gn-1-1-kandikule-elektrikuttega-1-sektsiooniga-f210\/"},"modified":"2026-03-26T13:17:57","modified_gmt":"2026-03-26T11:17:57","slug":"toidukaru-14-le-gn-1-1-kandikule-elektrikuttega-1-sektsiooniga-f210","status":"publish","type":"product","link":"https:\/\/farwell.ee\/en\/product\/toidukaru-14-le-gn-1-1-kandikule-elektrikuttega-1-sektsiooniga-f210\/","title":{"rendered":"Toiduk\u00e4ru 14-le GN 1\/1 kandikule, elektrik\u00fcttega, 1-sektsiooniga F210"},"content":{"rendered":"","protected":false},"excerpt":{"rendered":"<p>THERMOBOX\u00ae F &#8211; Konvektsioonkuumutusega<br \/>\nParim lahendus kuuma toidu transportimiseks.<br \/>\nL\u00fchike kuumutusaeg.<br \/>\nKuuma\u00f5huventilaator temperatuurikadude kompenseerimiseks.<\/p>\n<p>V\u00c4LISSEINAD: ABS-plastik.<br \/>\nSISEMINE KORPUS: Keevitatud konteiner roostevabast terasest.<br \/>\nMONOLIITSED JUHIKUD: Roostevabast terasest, pressitud sisemisest konteinerist.<br \/>\nJuhikute paari maksimaalne kandev\u00f5ime on 30 kg.<br \/>\nISOLATSIOON: Pol\u00fcuretaan.<br \/>\nUKS: Sisepind siledast ja \u00f5mblusteta roostevabast terasest. V\u00e4lispinnad ABS-plastist.<br \/>\nRATTAD: 160 mm rattad, kaks piduriga ja kaks fikseeritud.<br \/>\nPEAMINE RAAM: Stabiilne ja kaitsev raam PVC-nurkadega.<br \/>\nK\u00c4RU RAAM: Roostevabast terasest , mis on kaetud PVC-ga.<br \/>\nT\u00f5hus konvektsioonk\u00fcttes\u00fcsteem elektroonilise temperatuuri reguleerimisega.<br \/>\nIP55 kaitseklass.<\/p>\n<p>Mahutab\u00a0 14 x GN 1\/1 , 80mm vahekaugusega.<br \/>\nV\u00e4lism\u00f5\u00f5tmed: L: 525 mm x S: 770 mm x K: 1515 mm.<br \/>\nSisem\u00f5\u00f5tmed: L: 330 mm x S: 540 mm x K: 1160 mm.<br \/>\nKaal: 64 kg.<\/p>\n<p>Pinge 230V \/ v\u00f5imsus 1000W.<br \/>\n\u00dche k\u00e4ega haaratav k\u00e4epide.<br \/>\nLisaks on k\u00fclgedel ja tagak\u00fcljel t\u00f5mbek\u00e4epidemed.<\/p>\n<p>Korpuse v\u00e4rvivalik: must, punane v\u00f5i sinine.<\/p>","protected":false},"featured_media":38801,"template":"","meta":{"_acf_changed":false,"inline_featured_image":false},"product_brand":[],"product_cat":[13272],"product_tag":[],"class_list":{"0":"post-38802","1":"product","2":"type-product","3":"status-publish","4":"has-post-thumbnail","6":"product_cat-transpordikarud","7":"pa_kaubamark-sdx-thermobox","9":"first","10":"outofstock","11":"shipping-taxable","12":"purchasable","13":"product-type-simple"},"acf":[],"_links":{"self":[{"href":"https:\/\/farwell.ee\/en\/wp-json\/wp\/v2\/product\/38802","targetHints":{"allow":["GET"]}}],"collection":[{"href":"https:\/\/farwell.ee\/en\/wp-json\/wp\/v2\/product"}],"about":[{"href":"https:\/\/farwell.ee\/en\/wp-json\/wp\/v2\/types\/product"}],"wp:featuredmedia":[{"embeddable":true,"href":"https:\/\/farwell.ee\/en\/wp-json\/wp\/v2\/media\/38801"}],"wp:attachment":[{"href":"https:\/\/farwell.ee\/en\/wp-json\/wp\/v2\/media?parent=38802"}],"wp:term":[{"taxonomy":"product_brand","embeddable":true,"href":"https:\/\/farwell.ee\/en\/wp-json\/wp\/v2\/product_brand?post=38802"},{"taxonomy":"product_cat","embeddable":true,"href":"https:\/\/farwell.ee\/en\/wp-json\/wp\/v2\/product_cat?post=38802"},{"taxonomy":"product_tag","embeddable":true,"href":"https:\/\/farwell.ee\/en\/wp-json\/wp\/v2\/product_tag?post=38802"}],"curies":[{"name":"wp","href":"https:\/\/api.w.org\/{rel}","templated":true}]}}