{"id":38794,"date":"2026-03-24T15:47:59","date_gmt":"2026-03-24T13:47:59","guid":{"rendered":"https:\/\/farwell.ee\/?post_type=product&#038;p=38794"},"modified":"2026-03-25T08:37:26","modified_gmt":"2026-03-25T06:37:26","slug":"filterkohvimasin-2-5l-kolme-sektsiooniga-voimsus-3000w-b5-hw","status":"publish","type":"product","link":"https:\/\/farwell.ee\/en\/product\/filterkohvimasin-2-5l-kolme-sektsiooniga-voimsus-3000w-b5-hw\/","title":{"rendered":"Filterkohvimasin 2x5L kolme sektsiooniga, v\u00f5imsus 3000W B5 HW"},"content":{"rendered":"","protected":false},"excerpt":{"rendered":"<p><strong>Hind 2200 eur KM-ta<\/strong><\/p>\n<p>Vee\u00fchendusega kohvi- ja teevee keetja.<br \/>\nValmistab suuri koguseid kohvi eraldi anumatesse.<br \/>\nVarustatud digitaalse ekraani, kogu- ja p\u00e4evaloenduri, katlakivi eemaldamise s\u00fcsteemi, kohvi valmisoleku signaali, sisseehitatud taimeri ja optimaalsete turvameetmetega.<br \/>\nKomplektis VHG t\u00fc\u00fcpi anumad, filtrid ja tilgaalus.<\/p>\n<p>Mudel \u00fche keedus\u00fcsteemiga eraldi kuumaveekraaniga, eelistusl\u00fclitiga ja kahe 5-liitrise anumaga.<\/p>\n<p><strong>Eelised:<\/strong><br \/>\nKiiresti suured kogused v\u00e4rsket filterkohvi<br \/>\nVastupidav ja kvaliteetne t\u00e4nu roostevabast terasest korpusele<br \/>\nVarustatud kohvi valmisoleku signaali, kogu- ja p\u00e4evaloenduri ning sisseehitatud taimeriga<br \/>\nKatlakivi eemaldamise s\u00fcsteem ja optimaalsed turvameetmed<br \/>\n\u00dchtlase kvaliteediga kohv: anumad j\u00e4lgivad kohvi kvaliteeti<br \/>\nEelistusl\u00fcliti: v\u00f5imaldab vahetada kohvi ja tee keetmise vahel<\/p>\n<p>Nimiv\u00f5imsus:\u00a0 230V~ 50\/60Hz\u00a0 3000W<br \/>\nM\u00f5\u00f5tmed : 790x570x799 mm<br \/>\nKeetmisaeg : 10 min \/ 5 L<\/p>","protected":false},"featured_media":38795,"template":"","meta":{"_acf_changed":false,"inline_featured_image":false},"product_brand":[],"product_cat":[8608],"product_tag":[],"class_list":{"0":"post-38794","1":"product","2":"type-product","3":"status-publish","4":"has-post-thumbnail","6":"product_cat-uued-koogiseadmed","8":"first","9":"outofstock","10":"shipping-taxable","11":"purchasable","12":"product-type-simple"},"acf":[],"_links":{"self":[{"href":"https:\/\/farwell.ee\/en\/wp-json\/wp\/v2\/product\/38794","targetHints":{"allow":["GET"]}}],"collection":[{"href":"https:\/\/farwell.ee\/en\/wp-json\/wp\/v2\/product"}],"about":[{"href":"https:\/\/farwell.ee\/en\/wp-json\/wp\/v2\/types\/product"}],"wp:featuredmedia":[{"embeddable":true,"href":"https:\/\/farwell.ee\/en\/wp-json\/wp\/v2\/media\/38795"}],"wp:attachment":[{"href":"https:\/\/farwell.ee\/en\/wp-json\/wp\/v2\/media?parent=38794"}],"wp:term":[{"taxonomy":"product_brand","embeddable":true,"href":"https:\/\/farwell.ee\/en\/wp-json\/wp\/v2\/product_brand?post=38794"},{"taxonomy":"product_cat","embeddable":true,"href":"https:\/\/farwell.ee\/en\/wp-json\/wp\/v2\/product_cat?post=38794"},{"taxonomy":"product_tag","embeddable":true,"href":"https:\/\/farwell.ee\/en\/wp-json\/wp\/v2\/product_tag?post=38794"}],"curies":[{"name":"wp","href":"https:\/\/api.w.org\/{rel}","templated":true}]}}