{"id":38779,"date":"2026-03-24T08:30:04","date_gmt":"2026-03-24T06:30:04","guid":{"rendered":"https:\/\/farwell.ee\/toode\/toidukaru-14-le-kandikule-elektrikuttega-gn-1-1-kandikutele\/"},"modified":"2026-03-24T08:45:07","modified_gmt":"2026-03-24T06:45:07","slug":"toidukaru-14-le-kandikule-elektrikuttega-gn-1-1-kandikutele","status":"publish","type":"product","link":"https:\/\/farwell.ee\/en\/product\/toidukaru-14-le-kandikule-elektrikuttega-gn-1-1-kandikutele\/","title":{"rendered":"Toiduk\u00e4ru 14-le GN 1\/1 kandikule, elektrik\u00fcttega"},"content":{"rendered":"","protected":false},"excerpt":{"rendered":"<p>Ideaalne k\u00f6\u00f6kidesse ja s\u00f6\u00f6gisaalidesse, kus on piiratud ruum ja sagedane transpordivajadus.<\/p>\n<p>Toiduk\u00e4ru on varustatud ventilaatork\u00fcttega, mis tagab kiire ja \u00fchtlase soojusjaotuse ning saavutab 30 minutiga t\u00f6\u00f6temperatuuri kuni 90 \u00b0C.<br \/>\nReguleeritav temperatuur ja ventilatsioon tagavad suurep\u00e4rase toidukvaliteedi kontrolli.<\/p>\n<p>Varustatud ScanBox Digital Controliga, ekstsentrilukuga, tugeva uksega, 160mm lukustatavate ratastega, eemaldatavate U-juhtsiinidega 80mm vahekaugusega, musta RAL 9005 v\u00e4rviga, 220-240V \u00fchefaasilise toitega standardvarustuses.<br \/>\nToiduk\u00e4ru saab vastavalt vajadusele h\u00f5lpsasti kohandada saadaolevate lisav\u00f5imaluste abil.<\/p>\n<p>ScanBox Ergo Line toiduk\u00e4rusid kasutatakse kuuma v\u00f5i k\u00fclma toidu hoidmiseks ja t\u00f5husaks transportimiseks.<br \/>\nKeskendudes kasutusmugavusele ja ergonoomikale, h\u00f5lbustab Ergo Line igap\u00e4evaseid toitlustust\u00f6id ja pakub oma suuruse kohta suurt mahutavust.<br \/>\nKonstruktsioon tagab \u00fchtlase temperatuuri kogu k\u00e4rus, s\u00e4ilitades toidu kvaliteedi.<\/p>\n<p><strong>Tehniline kirjeldus:<\/strong><br \/>\nV\u00e4liskorpus: roostevaba teras ja klaaskiuga tugevdatud plastik.<br \/>\nSisekorpus:\u00a0 alumiinium ja roostevabast terasest siinistik.<br \/>\nV\u00f5imsus 1000W<br \/>\nPinge 220 &#8211; 240V<br \/>\nSiinide vahe\u00a0 80mm<br \/>\nMahutavus:\u00a0 GN 1\/1-65mm\u00a0 14 tk<br \/>\nKandiku m\u00f5\u00f5t:\u00a0 53 x 32,5cm<br \/>\nRiiulite koormus: max 9 kg<br \/>\nRattad 16cm, millest kaks p\u00f6\u00f6ravat ja piduriga ning kaks j\u00e4ika.<br \/>\nSisem\u00f5\u00f5dud: 352 mm x 600 mm x 1207 mm<br \/>\nV\u00e4lism\u00f5\u00f5dud: 540 mm x 810 mm x 1597 mm<br \/>\nKaal\u00a0 61 kg<br \/>\nMaht\u00a0 255 L<\/p>","protected":false},"featured_media":38778,"template":"","meta":{"_acf_changed":false,"inline_featured_image":false},"product_brand":[],"product_cat":[11505],"product_tag":[],"class_list":{"0":"post-38779","1":"product","2":"type-product","3":"status-publish","4":"has-post-thumbnail","6":"product_cat-toidutranspordi-karud","7":"pa_kaubamark-scanbox","9":"first","10":"outofstock","11":"shipping-taxable","12":"purchasable","13":"product-type-simple"},"acf":[],"_links":{"self":[{"href":"https:\/\/farwell.ee\/en\/wp-json\/wp\/v2\/product\/38779","targetHints":{"allow":["GET"]}}],"collection":[{"href":"https:\/\/farwell.ee\/en\/wp-json\/wp\/v2\/product"}],"about":[{"href":"https:\/\/farwell.ee\/en\/wp-json\/wp\/v2\/types\/product"}],"wp:featuredmedia":[{"embeddable":true,"href":"https:\/\/farwell.ee\/en\/wp-json\/wp\/v2\/media\/38778"}],"wp:attachment":[{"href":"https:\/\/farwell.ee\/en\/wp-json\/wp\/v2\/media?parent=38779"}],"wp:term":[{"taxonomy":"product_brand","embeddable":true,"href":"https:\/\/farwell.ee\/en\/wp-json\/wp\/v2\/product_brand?post=38779"},{"taxonomy":"product_cat","embeddable":true,"href":"https:\/\/farwell.ee\/en\/wp-json\/wp\/v2\/product_cat?post=38779"},{"taxonomy":"product_tag","embeddable":true,"href":"https:\/\/farwell.ee\/en\/wp-json\/wp\/v2\/product_tag?post=38779"}],"curies":[{"name":"wp","href":"https:\/\/api.w.org\/{rel}","templated":true}]}}