{"id":38757,"date":"2026-03-23T09:00:04","date_gmt":"2026-03-23T07:00:04","guid":{"rendered":"https:\/\/farwell.ee\/toode\/sailituskarp-08l-kaanega-165x125x65cm-bio\/"},"modified":"2026-03-26T11:45:05","modified_gmt":"2026-03-26T09:45:05","slug":"sailituskarp-08l-kaanega-165x125x65cm-bio","status":"publish","type":"product","link":"https:\/\/farwell.ee\/en\/product\/sailituskarp-08l-kaanega-165x125x65cm-bio\/","title":{"rendered":"S\u00e4ilituskarp 0,8L kaanega, 16,5&#215;12,5&#215;6,5cm Bio"},"content":{"rendered":"","protected":false},"excerpt":{"rendered":"<p>Valmistatud 80% taaskasutatud plastist.<br \/>\nHermeetiline, \u00f5hutihe kaas.<br \/>\n<span class=\"jCAhz ChMk0b\"><span class=\"ryNqvb\">BPA-vabad toidukarbid on n\u00f5udepesumasina-, mikrolaineahju- ja s\u00fcgavk\u00fclmakindlad (enne mikrolaineahju kasutamist eemaldage kaas).<br \/>\nTemperatuuritaluvus kuni +100\u00b0C.<br \/>\n<\/span><\/span><\/p>","protected":false},"featured_media":38760,"template":"","meta":{"_acf_changed":false,"inline_featured_image":false},"product_brand":[],"product_cat":[5674],"product_tag":[10109],"class_list":{"0":"post-38757","1":"product","2":"type-product","3":"status-publish","4":"has-post-thumbnail","6":"product_cat-sailitus-ja-transpordikastid","7":"product_tag-toidukarp","8":"pa_kaubamark-orthex","10":"first","11":"instock","12":"shipping-taxable","13":"purchasable","14":"product-type-simple"},"acf":[],"_links":{"self":[{"href":"https:\/\/farwell.ee\/en\/wp-json\/wp\/v2\/product\/38757","targetHints":{"allow":["GET"]}}],"collection":[{"href":"https:\/\/farwell.ee\/en\/wp-json\/wp\/v2\/product"}],"about":[{"href":"https:\/\/farwell.ee\/en\/wp-json\/wp\/v2\/types\/product"}],"wp:featuredmedia":[{"embeddable":true,"href":"https:\/\/farwell.ee\/en\/wp-json\/wp\/v2\/media\/38760"}],"wp:attachment":[{"href":"https:\/\/farwell.ee\/en\/wp-json\/wp\/v2\/media?parent=38757"}],"wp:term":[{"taxonomy":"product_brand","embeddable":true,"href":"https:\/\/farwell.ee\/en\/wp-json\/wp\/v2\/product_brand?post=38757"},{"taxonomy":"product_cat","embeddable":true,"href":"https:\/\/farwell.ee\/en\/wp-json\/wp\/v2\/product_cat?post=38757"},{"taxonomy":"product_tag","embeddable":true,"href":"https:\/\/farwell.ee\/en\/wp-json\/wp\/v2\/product_tag?post=38757"}],"curies":[{"name":"wp","href":"https:\/\/api.w.org\/{rel}","templated":true}]}}