{"id":38630,"date":"2026-03-11T10:15:05","date_gmt":"2026-03-11T08:15:05","guid":{"rendered":"https:\/\/farwell.ee\/toode\/led-laualamp-15w-alumiiniumist-laikiv-must-soho\/"},"modified":"2026-03-31T11:30:04","modified_gmt":"2026-03-31T08:30:04","slug":"led-laualamp-15w-alumiiniumist-laikiv-must-soho","status":"publish","type":"product","link":"https:\/\/farwell.ee\/en\/product\/led-laualamp-15w-alumiiniumist-laikiv-must-soho\/","title":{"rendered":"LED laualamp 1,5W alumiiniumist, l\u00e4ikiv must Soho"},"content":{"rendered":"","protected":false},"excerpt":{"rendered":"<p>V\u00e4rv: l\u00e4ikiv must<br \/>\n1x LED 1,5 W \/ 150 lm<br \/>\n3 taset h\u00e4mardatav<br \/>\nCCT: 2200 \/ 2700 \/ 3500 K<br \/>\n4400 mAh liitiumioonaku<br \/>\npritsmekaitse IP54<br \/>\nlaadimisaeg: 7h<br \/>\nvalgustuse kestus: 10h (100% heledus)<br \/>\nmaksimaalne valgustuse kestus: 50h (madalaim heledus)<br \/>\nlaadimiskaabel USB A &#8211; USB C<\/p>","protected":false},"featured_media":38629,"template":"","meta":{"_acf_changed":false,"inline_featured_image":false},"product_brand":[],"product_cat":[7670],"product_tag":[],"class_list":{"0":"post-38630","1":"product","2":"type-product","3":"status-publish","4":"has-post-thumbnail","6":"product_cat-lambid","7":"pa_kaubamark-aps","9":"first","10":"outofstock","11":"shipping-taxable","12":"purchasable","13":"product-type-simple"},"acf":[],"_links":{"self":[{"href":"https:\/\/farwell.ee\/en\/wp-json\/wp\/v2\/product\/38630","targetHints":{"allow":["GET"]}}],"collection":[{"href":"https:\/\/farwell.ee\/en\/wp-json\/wp\/v2\/product"}],"about":[{"href":"https:\/\/farwell.ee\/en\/wp-json\/wp\/v2\/types\/product"}],"wp:featuredmedia":[{"embeddable":true,"href":"https:\/\/farwell.ee\/en\/wp-json\/wp\/v2\/media\/38629"}],"wp:attachment":[{"href":"https:\/\/farwell.ee\/en\/wp-json\/wp\/v2\/media?parent=38630"}],"wp:term":[{"taxonomy":"product_brand","embeddable":true,"href":"https:\/\/farwell.ee\/en\/wp-json\/wp\/v2\/product_brand?post=38630"},{"taxonomy":"product_cat","embeddable":true,"href":"https:\/\/farwell.ee\/en\/wp-json\/wp\/v2\/product_cat?post=38630"},{"taxonomy":"product_tag","embeddable":true,"href":"https:\/\/farwell.ee\/en\/wp-json\/wp\/v2\/product_tag?post=38630"}],"curies":[{"name":"wp","href":"https:\/\/api.w.org\/{rel}","templated":true}]}}