{"id":37891,"date":"2026-01-23T13:00:04","date_gmt":"2026-01-23T11:00:04","guid":{"rendered":"https:\/\/farwell.ee\/toode\/liugkaas-475x66cm-sailituskastidele-46x66cm-polukarbonaadist\/"},"modified":"2026-01-23T13:30:05","modified_gmt":"2026-01-23T11:30:05","slug":"liugkaas-475x66cm-sailituskastidele-46x66cm-polukarbonaadist","status":"publish","type":"product","link":"https:\/\/farwell.ee\/en\/product\/liugkaas-475x66cm-sailituskastidele-46x66cm-polukarbonaadist\/","title":{"rendered":"Liugkaas 47,5x66cm s\u00e4ilituskastidele 46x66cm pol\u00fckarbonaadist"},"content":{"rendered":"","protected":false},"excerpt":{"rendered":"<p>Sobib s\u00e4ilituskastidele koodidega 18269CW135, 182612CW135 ja 182615CW135.<\/p>","protected":false},"featured_media":37897,"template":"","meta":{"_acf_changed":false,"inline_featured_image":false},"product_brand":[],"product_cat":[8418,5674],"product_tag":[],"class_list":{"0":"post-37891","1":"product","2":"type-product","3":"status-publish","4":"has-post-thumbnail","6":"product_cat-sailitus-ja-transport-outlet","7":"product_cat-sailitus-ja-transpordikastid","8":"pa_kaubamark-cambro","10":"first","11":"instock","12":"sale","13":"shipping-taxable","14":"purchasable","15":"product-type-simple"},"acf":[],"_links":{"self":[{"href":"https:\/\/farwell.ee\/en\/wp-json\/wp\/v2\/product\/37891","targetHints":{"allow":["GET"]}}],"collection":[{"href":"https:\/\/farwell.ee\/en\/wp-json\/wp\/v2\/product"}],"about":[{"href":"https:\/\/farwell.ee\/en\/wp-json\/wp\/v2\/types\/product"}],"wp:featuredmedia":[{"embeddable":true,"href":"https:\/\/farwell.ee\/en\/wp-json\/wp\/v2\/media\/37897"}],"wp:attachment":[{"href":"https:\/\/farwell.ee\/en\/wp-json\/wp\/v2\/media?parent=37891"}],"wp:term":[{"taxonomy":"product_brand","embeddable":true,"href":"https:\/\/farwell.ee\/en\/wp-json\/wp\/v2\/product_brand?post=37891"},{"taxonomy":"product_cat","embeddable":true,"href":"https:\/\/farwell.ee\/en\/wp-json\/wp\/v2\/product_cat?post=37891"},{"taxonomy":"product_tag","embeddable":true,"href":"https:\/\/farwell.ee\/en\/wp-json\/wp\/v2\/product_tag?post=37891"}],"curies":[{"name":"wp","href":"https:\/\/api.w.org\/{rel}","templated":true}]}}