{"id":37829,"date":"2026-01-22T08:00:04","date_gmt":"2026-01-22T06:00:04","guid":{"rendered":"https:\/\/farwell.ee\/toode\/vorkkulp-12cm-kovera-kaepidemega-kuumuskindel-kuni-220c\/"},"modified":"2026-02-27T11:45:06","modified_gmt":"2026-02-27T09:45:06","slug":"vorkkulp-12cm-kovera-kaepidemega-kuumuskindel-kuni-220c","status":"publish","type":"product","link":"https:\/\/farwell.ee\/en\/product\/vorkkulp-12cm-kovera-kaepidemega-kuumuskindel-kuni-220c\/","title":{"rendered":"V\u00f5rkkulp 12cm k\u00f5vera k\u00e4epidemega, kuumuskindel kuni +220C"},"content":{"rendered":"","protected":false},"excerpt":{"rendered":"","protected":false},"featured_media":37827,"template":"","meta":{"_acf_changed":false,"inline_featured_image":false},"product_brand":[],"product_cat":[138],"product_tag":[6108,6112,6120,6164],"class_list":{"0":"post-37829","1":"product","2":"type-product","3":"status-publish","4":"has-post-thumbnail","6":"product_cat-kulbid","7":"product_tag-hiina-kolander","8":"product_tag-kastmesoel","9":"product_tag-koonussoel","10":"product_tag-vorksoel","11":"pa_kaubamark-bourgeat","13":"first","14":"outofstock","15":"shipping-taxable","16":"purchasable","17":"product-type-simple"},"acf":[],"_links":{"self":[{"href":"https:\/\/farwell.ee\/en\/wp-json\/wp\/v2\/product\/37829","targetHints":{"allow":["GET"]}}],"collection":[{"href":"https:\/\/farwell.ee\/en\/wp-json\/wp\/v2\/product"}],"about":[{"href":"https:\/\/farwell.ee\/en\/wp-json\/wp\/v2\/types\/product"}],"wp:featuredmedia":[{"embeddable":true,"href":"https:\/\/farwell.ee\/en\/wp-json\/wp\/v2\/media\/37827"}],"wp:attachment":[{"href":"https:\/\/farwell.ee\/en\/wp-json\/wp\/v2\/media?parent=37829"}],"wp:term":[{"taxonomy":"product_brand","embeddable":true,"href":"https:\/\/farwell.ee\/en\/wp-json\/wp\/v2\/product_brand?post=37829"},{"taxonomy":"product_cat","embeddable":true,"href":"https:\/\/farwell.ee\/en\/wp-json\/wp\/v2\/product_cat?post=37829"},{"taxonomy":"product_tag","embeddable":true,"href":"https:\/\/farwell.ee\/en\/wp-json\/wp\/v2\/product_tag?post=37829"}],"curies":[{"name":"wp","href":"https:\/\/api.w.org\/{rel}","templated":true}]}}