{"id":37679,"date":"2026-01-08T14:00:04","date_gmt":"2026-01-08T12:00:04","guid":{"rendered":"https:\/\/farwell.ee\/toode\/digitaalne-sondtermomeeter-45c-300c-taimeriga\/"},"modified":"2026-01-08T14:30:04","modified_gmt":"2026-01-08T12:30:04","slug":"digitaalne-sondtermomeeter-45c-300c-taimeriga","status":"publish","type":"product","link":"https:\/\/farwell.ee\/en\/product\/digitaalne-sondtermomeeter-45c-300c-taimeriga\/","title":{"rendered":"Digitaalne sondtermomeeter -45\u00b0C \/ +300\u00b0C taimeriga"},"content":{"rendered":"","protected":false},"excerpt":{"rendered":"<p>Populaarne praadimistermomeeter uuendatud versioonis.<\/p>\n<p>See digitaalne praadimistermomeeter pakub k\u00f5iki olulisi funktsioone t\u00e4pseks ja edukaks toiduvalmistamiseks.<br \/>\nPraadimistermomeeter sobib ideaalselt kasutamiseks ahju k\u00f5rval ja pliidi \u00e4\u00e4res, samuti suhkru temperatuuri m\u00f5\u00f5tmiseks v\u00f5i \u0161okolaadi tempereerimiseks.<br \/>\nM\u00f5\u00f5tmist\u00e4psus on suurep\u00e4rane ja m\u00f5\u00f5tur t\u00f6\u00f6tab laias temperatuurivahemikus -45\u00b0C kuni +300\u00b0C.<\/p>\n<p>Nii \u00fclemise kui ka alumise temperatuuri jaoks saab seadistada helisignaali \u2013 see on eriti kasulik funktsioon n\u00e4iteks frit\u00fc\u00fcrimisel, kui \u00f5li temperatuur peab p\u00fcsima konstantsena.<br \/>\nSuomen L\u00e4mp\u00f6mittari Oy toidutermomeeter on paljude professionaalide lemmik.<\/p>\n<p>Suure ekraaniga 100-tunnine taimer n\u00e4itab tunde, minuteid ja sekundeid.<br \/>\nM\u00f5\u00f5tja andur on valmistatud roostevabast terasest ja vajadusel on lisavarustusena saadaval ka umbes meetri pikkune andurikaabel.<br \/>\nDigitaalne praadimistermomeeter kinnitub mugavalt magnetiga teraspindadele ja tasasel pinnal kasutamisel p\u00f6\u00f6rleb ekraan asendisse, mis parandab loetavust.<br \/>\nVajadusel saab ekraani taustvalgustuse sissel\u00fclitada, nii et seda saab kasutada pimedas.<br \/>\nToidutermomeetril on SISSE\/V\u00c4LJA l\u00fcliti ja kaasasolev kasutusjuhend sisaldab erinevate lihat\u00fc\u00fcpide soovituslikke temperatuure.<\/p>\n<p>Uuendatud mudel erineb eelmisest 362 versioonist nii v\u00e4limuse kui ka suuruse poolest ning omab laiemat temperatuurivahemikku kui varem.<br \/>\nKaabliosa on vastupidavuse parandamiseks terasega tugevdatud.<br \/>\nUuel versioonil on ka madalama temperatuuri seadistus, mis lihtsustab \u00fchtlase temperatuuri reguleerimist.<br \/>\nMaksimaalset taimeri aega on suurendatud 24 tunnist kuni 100 tunnini.<\/p>\n<p>Toidutermomeetrit ja andurikaablit saab puhastada niiske lapiga p\u00fchkides.<br \/>\nAndurikaabel on m\u00f5\u00f5turi k\u00f5ige tundlikum osa ja seda ei tohiks kunagi vette kasta.<br \/>\nSamuti tuleks kaabliga ettevaatlik olla, et see ei puutuks kokku ahju grillelemendiga, kuna k\u00f5rge kuumus v\u00f5ib seda kahjustada.<\/p>\n<p>Tootja: Suomen L\u00e4mp\u00f6mittara OY<br \/>\nM\u00f5\u00f5tmed: 17,5 x 7,2 x 2 cm<br \/>\nTalla sirge osa pikkus: u. 15 cm<br \/>\nM\u00f5\u00f5tevahemik: -45\u00b0C kuni +300\u00b0C<br \/>\nPatareid: 2 x AAA (ei kuulu komplekti)<br \/>\nMaterjal: plastik\/roostevaba teras<\/p>","protected":false},"featured_media":37681,"template":"","meta":{"_acf_changed":false,"inline_featured_image":false},"product_brand":[],"product_cat":[181],"product_tag":[],"class_list":{"0":"post-37679","1":"product","2":"type-product","3":"status-publish","4":"has-post-thumbnail","6":"product_cat-termomeetrid-ja-taimerid","7":"pa_kaubamark-suomen-lampomittari","9":"first","10":"outofstock","11":"shipping-taxable","12":"purchasable","13":"product-type-simple"},"acf":[],"_links":{"self":[{"href":"https:\/\/farwell.ee\/en\/wp-json\/wp\/v2\/product\/37679","targetHints":{"allow":["GET"]}}],"collection":[{"href":"https:\/\/farwell.ee\/en\/wp-json\/wp\/v2\/product"}],"about":[{"href":"https:\/\/farwell.ee\/en\/wp-json\/wp\/v2\/types\/product"}],"wp:featuredmedia":[{"embeddable":true,"href":"https:\/\/farwell.ee\/en\/wp-json\/wp\/v2\/media\/37681"}],"wp:attachment":[{"href":"https:\/\/farwell.ee\/en\/wp-json\/wp\/v2\/media?parent=37679"}],"wp:term":[{"taxonomy":"product_brand","embeddable":true,"href":"https:\/\/farwell.ee\/en\/wp-json\/wp\/v2\/product_brand?post=37679"},{"taxonomy":"product_cat","embeddable":true,"href":"https:\/\/farwell.ee\/en\/wp-json\/wp\/v2\/product_cat?post=37679"},{"taxonomy":"product_tag","embeddable":true,"href":"https:\/\/farwell.ee\/en\/wp-json\/wp\/v2\/product_tag?post=37679"}],"curies":[{"name":"wp","href":"https:\/\/api.w.org\/{rel}","templated":true}]}}