{"id":37361,"date":"2025-12-12T13:15:04","date_gmt":"2025-12-12T11:15:04","guid":{"rendered":"https:\/\/farwell.ee\/toode\/taignavormide-komplekt-ring-14-osaline\/"},"modified":"2025-12-12T14:30:04","modified_gmt":"2025-12-12T12:30:04","slug":"taignavormide-komplekt-ring-14-osaline","status":"publish","type":"product","link":"https:\/\/farwell.ee\/en\/product\/taignavormide-komplekt-ring-14-osaline\/","title":{"rendered":"Taignavormide komplekt Ring 14-osaline"},"content":{"rendered":"","protected":false},"excerpt":{"rendered":"<p>\u00dcmmargused l\u00f5ikevormid l\u00e4bim\u00f5\u00f5tudega 19 &#8211; 112 mm.<\/p>","protected":false},"featured_media":37363,"template":"","meta":{"_acf_changed":false,"inline_featured_image":false},"product_brand":[],"product_cat":[175],"product_tag":[],"class_list":{"0":"post-37361","1":"product","2":"type-product","3":"status-publish","4":"has-post-thumbnail","6":"product_cat-taignaloikurid","7":"pa_kaubamark-hendi","9":"first","10":"outofstock","11":"shipping-taxable","12":"purchasable","13":"product-type-simple"},"acf":[],"_links":{"self":[{"href":"https:\/\/farwell.ee\/en\/wp-json\/wp\/v2\/product\/37361","targetHints":{"allow":["GET"]}}],"collection":[{"href":"https:\/\/farwell.ee\/en\/wp-json\/wp\/v2\/product"}],"about":[{"href":"https:\/\/farwell.ee\/en\/wp-json\/wp\/v2\/types\/product"}],"wp:featuredmedia":[{"embeddable":true,"href":"https:\/\/farwell.ee\/en\/wp-json\/wp\/v2\/media\/37363"}],"wp:attachment":[{"href":"https:\/\/farwell.ee\/en\/wp-json\/wp\/v2\/media?parent=37361"}],"wp:term":[{"taxonomy":"product_brand","embeddable":true,"href":"https:\/\/farwell.ee\/en\/wp-json\/wp\/v2\/product_brand?post=37361"},{"taxonomy":"product_cat","embeddable":true,"href":"https:\/\/farwell.ee\/en\/wp-json\/wp\/v2\/product_cat?post=37361"},{"taxonomy":"product_tag","embeddable":true,"href":"https:\/\/farwell.ee\/en\/wp-json\/wp\/v2\/product_tag?post=37361"}],"curies":[{"name":"wp","href":"https:\/\/api.w.org\/{rel}","templated":true}]}}