{"id":37325,"date":"2025-12-11T10:15:04","date_gmt":"2025-12-11T08:15:04","guid":{"rendered":"https:\/\/farwell.ee\/toode\/spaatel-e-hamburgerilabidas-313cm-astmeline\/"},"modified":"2026-03-12T14:30:05","modified_gmt":"2026-03-12T12:30:05","slug":"spaatel-e-hamburgerilabidas-313cm-astmeline","status":"publish","type":"product","link":"https:\/\/farwell.ee\/en\/product\/spaatel-e-hamburgerilabidas-313cm-astmeline\/","title":{"rendered":"Spaatel e. hamburgerilabidas 31,3cm j\u00e4ik, astmeline 17,4&#215;10,8cm"},"content":{"rendered":"","protected":false},"excerpt":{"rendered":"<p>Labaosa m\u00f5\u00f5dud 17,4&#215;10,8cm.<\/p>","protected":false},"featured_media":37324,"template":"","meta":{"_acf_changed":false,"inline_featured_image":false},"product_brand":[],"product_cat":[172],"product_tag":[6137],"class_list":{"0":"post-37325","1":"product","2":"type-product","3":"status-publish","4":"has-post-thumbnail","6":"product_cat-spaatlid-kaabitsad-ja-paletid","7":"product_tag-noolija","8":"pa_kaubamark-hendi","10":"first","11":"instock","12":"shipping-taxable","13":"purchasable","14":"product-type-simple"},"acf":[],"_links":{"self":[{"href":"https:\/\/farwell.ee\/en\/wp-json\/wp\/v2\/product\/37325","targetHints":{"allow":["GET"]}}],"collection":[{"href":"https:\/\/farwell.ee\/en\/wp-json\/wp\/v2\/product"}],"about":[{"href":"https:\/\/farwell.ee\/en\/wp-json\/wp\/v2\/types\/product"}],"wp:featuredmedia":[{"embeddable":true,"href":"https:\/\/farwell.ee\/en\/wp-json\/wp\/v2\/media\/37324"}],"wp:attachment":[{"href":"https:\/\/farwell.ee\/en\/wp-json\/wp\/v2\/media?parent=37325"}],"wp:term":[{"taxonomy":"product_brand","embeddable":true,"href":"https:\/\/farwell.ee\/en\/wp-json\/wp\/v2\/product_brand?post=37325"},{"taxonomy":"product_cat","embeddable":true,"href":"https:\/\/farwell.ee\/en\/wp-json\/wp\/v2\/product_cat?post=37325"},{"taxonomy":"product_tag","embeddable":true,"href":"https:\/\/farwell.ee\/en\/wp-json\/wp\/v2\/product_tag?post=37325"}],"curies":[{"name":"wp","href":"https:\/\/api.w.org\/{rel}","templated":true}]}}