{"id":37215,"date":"2025-12-02T15:15:05","date_gmt":"2025-12-02T13:15:05","guid":{"rendered":"https:\/\/farwell.ee\/toode\/kokanuga-18cm-mov-teras-mac-umara-otsaga\/"},"modified":"2026-03-18T09:30:04","modified_gmt":"2026-03-18T07:30:04","slug":"kokanuga-18cm-mov-teras-mac-umara-otsaga","status":"publish","type":"product","link":"https:\/\/farwell.ee\/en\/product\/kokanuga-18cm-mov-teras-mac-umara-otsaga\/","title":{"rendered":"Kokanuga 18cm MOV-teras MAC, \u00fcmara otsaga"},"content":{"rendered":"","protected":false},"excerpt":{"rendered":"<p>Mac Superior seeria 18cm pikkuse teraga kokanuga.<br \/>\n\u00dcmar ots on l\u00e4bivalt teritatud, mis v\u00f5imaldab teha sissel\u00f5ikeid nagu terava otsaga, kuid lihtsustab n\u00e4iteks lihast membraani eemaldamist.<\/p>\n<p>Mac-noad on aastak\u00fcmneid olnud nii professionaalide kui ka t\u00f5eliste entusiastide lemmikt\u00f6\u00f6riistad k\u00f6\u00f6gis.<br \/>\n700-aastase traditsiooni ja Jaapani k\u00e4sit\u00f6\u00f6ga valmistatud noad on teravad, k\u00e4epidemed sobivad k\u00e4tte ning k\u00e4epideme ja tera vaheline tasakaal on peaaegu t\u00e4iuslik.<\/p>\n<p>Noatera on roostevabast mol\u00fcbdeen-vanaadiumterasest sulam, mille k\u00f5vadus saadakse vanaadiumi, mol\u00fcbdeeni ja volframi lisamisega terasmassile.<br \/>\nRockwelli skaalal on Mac Superior nugade k\u00f5vadus C60.<br \/>\nMac-nugade teritusnurk on umbes 10 kraadi.<\/p>\n<p>Kvaliteetseid k\u00f6\u00f6ginuge ei tohiks kunagi n\u00f5udepesumasinas pesta, vaid eelistatavalt kiirelt sooja veega pesta ja kohe p\u00e4rast kasutamist kuivatada.<br \/>\nK\u00f5ik lahendused sobivad hoiustamiseks, kus noaterad ei puutu omavahel kokku, n\u00e4iteks nugade hoidmine sahtlis koos teiste v\u00e4ikeste k\u00f6\u00f6giriistade ja s\u00f6\u00f6giriistadega.<\/p>","protected":false},"featured_media":37214,"template":"","meta":{"_acf_changed":false,"inline_featured_image":false},"product_brand":[],"product_cat":[140],"product_tag":[],"class_list":{"0":"post-37215","1":"product","2":"type-product","3":"status-publish","4":"has-post-thumbnail","6":"product_cat-kooginoad","7":"pa_kaubamark-mac","9":"first","10":"outofstock","11":"shipping-taxable","12":"purchasable","13":"product-type-simple"},"acf":[],"_links":{"self":[{"href":"https:\/\/farwell.ee\/en\/wp-json\/wp\/v2\/product\/37215","targetHints":{"allow":["GET"]}}],"collection":[{"href":"https:\/\/farwell.ee\/en\/wp-json\/wp\/v2\/product"}],"about":[{"href":"https:\/\/farwell.ee\/en\/wp-json\/wp\/v2\/types\/product"}],"wp:featuredmedia":[{"embeddable":true,"href":"https:\/\/farwell.ee\/en\/wp-json\/wp\/v2\/media\/37214"}],"wp:attachment":[{"href":"https:\/\/farwell.ee\/en\/wp-json\/wp\/v2\/media?parent=37215"}],"wp:term":[{"taxonomy":"product_brand","embeddable":true,"href":"https:\/\/farwell.ee\/en\/wp-json\/wp\/v2\/product_brand?post=37215"},{"taxonomy":"product_cat","embeddable":true,"href":"https:\/\/farwell.ee\/en\/wp-json\/wp\/v2\/product_cat?post=37215"},{"taxonomy":"product_tag","embeddable":true,"href":"https:\/\/farwell.ee\/en\/wp-json\/wp\/v2\/product_tag?post=37215"}],"curies":[{"name":"wp","href":"https:\/\/api.w.org\/{rel}","templated":true}]}}