{"id":37162,"date":"2025-12-01T09:45:04","date_gmt":"2025-12-01T07:45:04","guid":{"rendered":"https:\/\/farwell.ee\/toode\/veinikuuler-o115cm-k20cm-must-triipudega\/"},"modified":"2026-01-08T15:15:04","modified_gmt":"2026-01-08T13:15:04","slug":"veinikuuler-o115cm-k20cm-must-triipudega","status":"publish","type":"product","link":"https:\/\/farwell.ee\/en\/product\/veinikuuler-o115cm-k20cm-must-triipudega\/","title":{"rendered":"Veinik\u00fc\u00fcler \u00d811,5cm, k20cm must, triipudega"},"content":{"rendered":"","protected":false},"excerpt":{"rendered":"","protected":false},"featured_media":37161,"template":"","meta":{"_acf_changed":false,"inline_featured_image":false},"product_brand":[],"product_cat":[142],"product_tag":[6328,6329],"class_list":{"0":"post-37162","1":"product","2":"type-product","3":"status-publish","4":"has-post-thumbnail","6":"product_cat-kuulerid","7":"product_tag-veinijahutaja","8":"product_tag-veinikuuler","9":"pa_kaubamark-was-germany","11":"first","12":"instock","13":"shipping-taxable","14":"purchasable","15":"product-type-simple"},"acf":[],"_links":{"self":[{"href":"https:\/\/farwell.ee\/en\/wp-json\/wp\/v2\/product\/37162","targetHints":{"allow":["GET"]}}],"collection":[{"href":"https:\/\/farwell.ee\/en\/wp-json\/wp\/v2\/product"}],"about":[{"href":"https:\/\/farwell.ee\/en\/wp-json\/wp\/v2\/types\/product"}],"wp:featuredmedia":[{"embeddable":true,"href":"https:\/\/farwell.ee\/en\/wp-json\/wp\/v2\/media\/37161"}],"wp:attachment":[{"href":"https:\/\/farwell.ee\/en\/wp-json\/wp\/v2\/media?parent=37162"}],"wp:term":[{"taxonomy":"product_brand","embeddable":true,"href":"https:\/\/farwell.ee\/en\/wp-json\/wp\/v2\/product_brand?post=37162"},{"taxonomy":"product_cat","embeddable":true,"href":"https:\/\/farwell.ee\/en\/wp-json\/wp\/v2\/product_cat?post=37162"},{"taxonomy":"product_tag","embeddable":true,"href":"https:\/\/farwell.ee\/en\/wp-json\/wp\/v2\/product_tag?post=37162"}],"curies":[{"name":"wp","href":"https:\/\/api.w.org\/{rel}","templated":true}]}}