{"id":37106,"date":"2025-11-28T08:15:05","date_gmt":"2025-11-28T06:15:05","guid":{"rendered":"https:\/\/farwell.ee\/toode\/serveerimisalus-kahekordne-kiltkivist-alused-ja-akaatsiapuidust-raam\/"},"modified":"2025-12-15T09:45:04","modified_gmt":"2025-12-15T07:45:04","slug":"serveerimisalus-kahekordne-kiltkivist-alused-ja-akaatsiapuidust-raam","status":"publish","type":"product","link":"https:\/\/farwell.ee\/en\/product\/serveerimisalus-kahekordne-kiltkivist-alused-ja-akaatsiapuidust-raam\/","title":{"rendered":"Serveerimisalus kahekordne, kiltkivist alused ja akaatsiapuidust raam"},"content":{"rendered":"","protected":false},"excerpt":{"rendered":"<p>Masinpesu ei ole lubatud !<br \/>\nKokkupandav.<br \/>\nSuurem kiltkivist alus on GN 1\/2 m\u00f5\u00f5duga ja v\u00e4iksem GN 1\/3 m\u00f5\u00f5duga.<\/p>","protected":false},"featured_media":37111,"template":"","meta":{"_acf_changed":false,"inline_featured_image":false},"product_brand":[],"product_cat":[166],"product_tag":[],"class_list":{"0":"post-37106","1":"product","2":"type-product","3":"status-publish","4":"has-post-thumbnail","6":"product_cat-serveerimisalused-ja-kausid","7":"pa_kaubamark-aps","9":"first","10":"outofstock","11":"shipping-taxable","12":"purchasable","13":"product-type-simple"},"acf":[],"_links":{"self":[{"href":"https:\/\/farwell.ee\/en\/wp-json\/wp\/v2\/product\/37106","targetHints":{"allow":["GET"]}}],"collection":[{"href":"https:\/\/farwell.ee\/en\/wp-json\/wp\/v2\/product"}],"about":[{"href":"https:\/\/farwell.ee\/en\/wp-json\/wp\/v2\/types\/product"}],"wp:featuredmedia":[{"embeddable":true,"href":"https:\/\/farwell.ee\/en\/wp-json\/wp\/v2\/media\/37111"}],"wp:attachment":[{"href":"https:\/\/farwell.ee\/en\/wp-json\/wp\/v2\/media?parent=37106"}],"wp:term":[{"taxonomy":"product_brand","embeddable":true,"href":"https:\/\/farwell.ee\/en\/wp-json\/wp\/v2\/product_brand?post=37106"},{"taxonomy":"product_cat","embeddable":true,"href":"https:\/\/farwell.ee\/en\/wp-json\/wp\/v2\/product_cat?post=37106"},{"taxonomy":"product_tag","embeddable":true,"href":"https:\/\/farwell.ee\/en\/wp-json\/wp\/v2\/product_tag?post=37106"}],"curies":[{"name":"wp","href":"https:\/\/api.w.org\/{rel}","templated":true}]}}