{"id":36989,"date":"2025-11-27T11:00:04","date_gmt":"2025-11-27T09:00:04","guid":{"rendered":"https:\/\/farwell.ee\/toode\/joogipudel-korgiga-055l\/"},"modified":"2026-03-26T13:26:12","modified_gmt":"2026-03-26T11:26:12","slug":"joogipudel-korgiga-055l","status":"publish","type":"product","link":"https:\/\/farwell.ee\/en\/product\/joogipudel-korgiga-055l\/","title":{"rendered":"Joogipudel 55cl korgiga"},"content":{"rendered":"","protected":false},"excerpt":{"rendered":"<p>Borosilikaatklaas on valmistatud boortrioksiidist, r\u00e4nidioksiidliivast, soodast ja alumiiniumoksiidist.<br \/>\nBorosilikaatklaas on vastupidavam kemikaalidele ja hapetele.<br \/>\nOn termol\u00f6\u00f6gikindel ja ei pragune \u00e4\u00e4rmuslike temperatuurimuutuste korral.<\/p>","protected":false},"featured_media":38376,"template":"","meta":{"_acf_changed":false,"inline_featured_image":false},"product_brand":[],"product_cat":[129],"product_tag":[],"class_list":{"0":"post-36989","1":"product","2":"type-product","3":"status-publish","4":"has-post-thumbnail","6":"product_cat-karahvinid","7":"pa_kaubamark-aps","9":"first","10":"outofstock","11":"shipping-taxable","12":"purchasable","13":"product-type-simple"},"acf":[],"_links":{"self":[{"href":"https:\/\/farwell.ee\/en\/wp-json\/wp\/v2\/product\/36989","targetHints":{"allow":["GET"]}}],"collection":[{"href":"https:\/\/farwell.ee\/en\/wp-json\/wp\/v2\/product"}],"about":[{"href":"https:\/\/farwell.ee\/en\/wp-json\/wp\/v2\/types\/product"}],"wp:featuredmedia":[{"embeddable":true,"href":"https:\/\/farwell.ee\/en\/wp-json\/wp\/v2\/media\/38376"}],"wp:attachment":[{"href":"https:\/\/farwell.ee\/en\/wp-json\/wp\/v2\/media?parent=36989"}],"wp:term":[{"taxonomy":"product_brand","embeddable":true,"href":"https:\/\/farwell.ee\/en\/wp-json\/wp\/v2\/product_brand?post=36989"},{"taxonomy":"product_cat","embeddable":true,"href":"https:\/\/farwell.ee\/en\/wp-json\/wp\/v2\/product_cat?post=36989"},{"taxonomy":"product_tag","embeddable":true,"href":"https:\/\/farwell.ee\/en\/wp-json\/wp\/v2\/product_tag?post=36989"}],"curies":[{"name":"wp","href":"https:\/\/api.w.org\/{rel}","templated":true}]}}