{"id":36775,"date":"2025-11-20T10:15:04","date_gmt":"2025-11-20T08:15:04","guid":{"rendered":"https:\/\/farwell.ee\/toode\/termokast-32l-rannateeninduseks-sinise-tekstiilist-kotiga\/"},"modified":"2025-11-20T10:20:15","modified_gmt":"2025-11-20T08:20:15","slug":"termokast-32l-rannateeninduseks-sinise-tekstiilist-kotiga","status":"publish","type":"product","link":"https:\/\/farwell.ee\/en\/product\/termokast-32l-rannateeninduseks-sinise-tekstiilist-kotiga\/","title":{"rendered":"Termokast 32L rannateeninduseks, sinise tekstiilist kotiga"},"content":{"rendered":"","protected":false},"excerpt":{"rendered":"<p>Kaasaskantav termokast j\u00e4\u00e4tiste ja k\u00fclmade jookide m\u00fc\u00fcgiks \u00fcritustel, kinos v\u00f5i rannas.<br \/>\nL\u00fckandkaane ja kahe eraldi sektsiooniga h\u00f5lpsaks avamiseks ja t\u00e4itmiseks.<br \/>\nKomplektis reguleeritav tekstiilist kanderihm \u00f5lapadjaga.<br \/>\nLihtne kaasas kanda.<br \/>\nKerge &#8211; kaal 1,7kg.<br \/>\nSisem\u00f5\u00f5dud: (2&#215;230)x270x260mm.<br \/>\nMaht 32L.<\/p>","protected":false},"featured_media":36773,"template":"","meta":{"_acf_changed":false,"inline_featured_image":false},"product_brand":[],"product_cat":[5554],"product_tag":[12467,12468,12469],"class_list":{"0":"post-36775","1":"product","2":"type-product","3":"status-publish","4":"has-post-thumbnail","6":"product_cat-termokastid-ja-termokapid","7":"product_tag-jaatisekast","8":"product_tag-kulma-joogi-kast","9":"product_tag-rannakast","10":"pa_kaubamark-thermo-future-box","12":"first","13":"outofstock","14":"shipping-taxable","15":"purchasable","16":"product-type-simple"},"acf":[],"_links":{"self":[{"href":"https:\/\/farwell.ee\/en\/wp-json\/wp\/v2\/product\/36775","targetHints":{"allow":["GET"]}}],"collection":[{"href":"https:\/\/farwell.ee\/en\/wp-json\/wp\/v2\/product"}],"about":[{"href":"https:\/\/farwell.ee\/en\/wp-json\/wp\/v2\/types\/product"}],"wp:featuredmedia":[{"embeddable":true,"href":"https:\/\/farwell.ee\/en\/wp-json\/wp\/v2\/media\/36773"}],"wp:attachment":[{"href":"https:\/\/farwell.ee\/en\/wp-json\/wp\/v2\/media?parent=36775"}],"wp:term":[{"taxonomy":"product_brand","embeddable":true,"href":"https:\/\/farwell.ee\/en\/wp-json\/wp\/v2\/product_brand?post=36775"},{"taxonomy":"product_cat","embeddable":true,"href":"https:\/\/farwell.ee\/en\/wp-json\/wp\/v2\/product_cat?post=36775"},{"taxonomy":"product_tag","embeddable":true,"href":"https:\/\/farwell.ee\/en\/wp-json\/wp\/v2\/product_tag?post=36775"}],"curies":[{"name":"wp","href":"https:\/\/api.w.org\/{rel}","templated":true}]}}