{"id":36618,"date":"2025-11-17T15:30:04","date_gmt":"2025-11-17T13:30:04","guid":{"rendered":"https:\/\/farwell.ee\/toode\/steiginuga-232mm-vg-10-67-kihiline-damaskus-chuletero-kaji\/"},"modified":"2026-02-13T15:30:05","modified_gmt":"2026-02-13T13:30:05","slug":"steiginuga-232mm-vg-10-67-kihiline-damaskus-chuletero-kaji","status":"publish","type":"product","link":"https:\/\/farwell.ee\/en\/product\/steiginuga-232mm-vg-10-67-kihiline-damaskus-chuletero-kaji\/","title":{"rendered":"Steiginuga 232mm VG-10 67-kihiline damaskus Chuletero Kaji"},"content":{"rendered":"","protected":false},"excerpt":{"rendered":"<p>Tuumikmaterjal VG-10 k\u00f5rgs\u00fcsinikteras, mis on kaetud m\u00f5lemalt poolt 33-kihilise 316L terasega.<br \/>\nTera pikkus 120mm.<br \/>\nTera k\u00f5vadus Rockwelli skaalas HRC 60+\/-1.<br \/>\nTeritusnurk on 10 kraadi.<br \/>\nBolster stabiliseeritud kasepuidust.<br \/>\nK\u00e4epide mustast eebenipuust.<br \/>\nAs\u00fcmmeetriline kaheksanurkne k\u00e4epide.<br \/>\nStiilses mustas kinkekarbis.<br \/>\nSobib kasutamiseks k\u00f6\u00f6giviljanoana ehk v\u00e4ikese kokanoana.<\/p>\n<p>Hooldus:<br \/>\nPese tera k\u00e4sitsi pehme k\u00e4sna ja leige veega, v\u00e4ltides k\u00e4epideme m\u00e4rgumist.<br \/>\nKuivata kohe puhta lapiga.<br \/>\nTerita aeg-ajalt VG10-le sobiva terituskiviga vastavalt vajadusele.<br \/>\n\u00c4rge j\u00e4tke nuga pikaks ajaks ligunema ega puutuma kokku happelise toiduga, n\u00e4iteks \u00e4\u00e4dika, tsitrusviljade jms-ga.<br \/>\nKasutage kvaliteetset pesuvahendit.<br \/>\n\u00c4rge kasutage metallist ega s\u00fcnteetilisi k\u00fc\u00fcrimisvahendeid, mis v\u00f5ivad s\u00f6\u00f6giriistu pesemisel v\u00f5i kuivatamisel kahjustada.<br \/>\nMasinpesu ei ole lubatud !<\/p>","protected":false},"featured_media":36644,"template":"","meta":{"_acf_changed":false,"inline_featured_image":false},"product_brand":[],"product_cat":[121],"product_tag":[9133,12452,12453],"class_list":{"0":"post-36618","1":"product","2":"type-product","3":"status-publish","4":"has-post-thumbnail","6":"product_cat-comas","7":"product_tag-juurviljanuga","8":"product_tag-koogiviljanuga","9":"product_tag-vaike-kokanuga","10":"pa_kaubamark-comas","12":"first","13":"instock","14":"shipping-taxable","15":"purchasable","16":"product-type-simple"},"acf":[],"_links":{"self":[{"href":"https:\/\/farwell.ee\/en\/wp-json\/wp\/v2\/product\/36618","targetHints":{"allow":["GET"]}}],"collection":[{"href":"https:\/\/farwell.ee\/en\/wp-json\/wp\/v2\/product"}],"about":[{"href":"https:\/\/farwell.ee\/en\/wp-json\/wp\/v2\/types\/product"}],"wp:featuredmedia":[{"embeddable":true,"href":"https:\/\/farwell.ee\/en\/wp-json\/wp\/v2\/media\/36644"}],"wp:attachment":[{"href":"https:\/\/farwell.ee\/en\/wp-json\/wp\/v2\/media?parent=36618"}],"wp:term":[{"taxonomy":"product_brand","embeddable":true,"href":"https:\/\/farwell.ee\/en\/wp-json\/wp\/v2\/product_brand?post=36618"},{"taxonomy":"product_cat","embeddable":true,"href":"https:\/\/farwell.ee\/en\/wp-json\/wp\/v2\/product_cat?post=36618"},{"taxonomy":"product_tag","embeddable":true,"href":"https:\/\/farwell.ee\/en\/wp-json\/wp\/v2\/product_tag?post=36618"}],"curies":[{"name":"wp","href":"https:\/\/api.w.org\/{rel}","templated":true}]}}