{"id":36439,"date":"2025-11-12T09:00:05","date_gmt":"2025-11-12T07:00:05","guid":{"rendered":"https:\/\/farwell.ee\/toode\/vaakummasin-600w-vaakumpump-8-mc-h\/"},"modified":"2026-03-13T14:45:04","modified_gmt":"2026-03-13T12:45:04","slug":"vaakummasin-600w-vaakumpump-8-mc-h","status":"publish","type":"product","link":"https:\/\/farwell.ee\/en\/product\/vaakummasin-600w-vaakumpump-8-mc-h\/","title":{"rendered":"Vaakummasin 600W, vaakumpump 8 m3\/h"},"content":{"rendered":"","protected":false},"excerpt":{"rendered":"<p>Sisemised konstruktsioonid, korpus ja vaakumkamber on valmistatud t\u00e4ielikult roostevabast terasest.<br \/>\nVaakumkamber on konstrueeritud h\u00fcgieeni silmas pidades: k\u00f5ik nurgad on \u00fcmarad ja sulgemisriba on ohutuks ja kiireks puhastamiseks lihtne eemaldada.<br \/>\nVaakumkambermasina C 308 juhtpaneel on digitaalne ja sellel on 10 muudetavat programmi.<\/p>\n<p>Vaakumkambri m\u00f5\u00f5dud: 334x351x170mm<br \/>\nToitepinge: 220-240V \u2013 50\/60 Hz<br \/>\nMaksimaalne tarbitav v\u00f5imsus: 600 W<br \/>\nMaksimaalne koti laius: 300mm<\/p>","protected":false},"featured_media":36438,"template":"","meta":{"_acf_changed":false,"inline_featured_image":false},"product_brand":[],"product_cat":[12405],"product_tag":[12403,12404],"class_list":{"0":"post-36439","1":"product","2":"type-product","3":"status-publish","4":"has-post-thumbnail","6":"product_cat-vaakummasinad","7":"product_tag-vaakumkambermasin","8":"product_tag-vaakumpakendaja","9":"pa_kaubamark-lerica","11":"first","12":"outofstock","13":"shipping-taxable","14":"purchasable","15":"product-type-simple"},"acf":[],"_links":{"self":[{"href":"https:\/\/farwell.ee\/en\/wp-json\/wp\/v2\/product\/36439","targetHints":{"allow":["GET"]}}],"collection":[{"href":"https:\/\/farwell.ee\/en\/wp-json\/wp\/v2\/product"}],"about":[{"href":"https:\/\/farwell.ee\/en\/wp-json\/wp\/v2\/types\/product"}],"wp:featuredmedia":[{"embeddable":true,"href":"https:\/\/farwell.ee\/en\/wp-json\/wp\/v2\/media\/36438"}],"wp:attachment":[{"href":"https:\/\/farwell.ee\/en\/wp-json\/wp\/v2\/media?parent=36439"}],"wp:term":[{"taxonomy":"product_brand","embeddable":true,"href":"https:\/\/farwell.ee\/en\/wp-json\/wp\/v2\/product_brand?post=36439"},{"taxonomy":"product_cat","embeddable":true,"href":"https:\/\/farwell.ee\/en\/wp-json\/wp\/v2\/product_cat?post=36439"},{"taxonomy":"product_tag","embeddable":true,"href":"https:\/\/farwell.ee\/en\/wp-json\/wp\/v2\/product_tag?post=36439"}],"curies":[{"name":"wp","href":"https:\/\/api.w.org\/{rel}","templated":true}]}}