{"id":36425,"date":"2025-11-11T14:30:04","date_gmt":"2025-11-11T12:30:04","guid":{"rendered":"https:\/\/farwell.ee\/toode\/mikrolaineahi-17l-digitaalne-valjundvoimsus-2100w-100-programmi\/"},"modified":"2026-03-26T09:30:06","modified_gmt":"2026-03-26T07:30:06","slug":"mikrolaineahi-17l-digitaalne-valjundvoimsus-2100w-100-programmi","status":"publish","type":"product","link":"https:\/\/farwell.ee\/en\/product\/mikrolaineahi-17l-digitaalne-valjundvoimsus-2100w-100-programmi\/","title":{"rendered":"Mikrolaineahi 17L digitaalne, v\u00e4ljundv\u00f5imsus 2100W, 100-programmi"},"content":{"rendered":"","protected":false},"excerpt":{"rendered":"<p>See kompaktne mudel pakub v\u00f5imast j\u00f5udlust kiirete \u00fcksikportsjonite valmistamiseks.<br \/>\nVastupidav ja kompaktne, ideaalne professionaalseks kasutamiseks.<br \/>\nAinulaadne energia jaotamise meetod annab suurep\u00e4rase ja \u00fchtlase tulemuse, k\u00f5rvaldades praktiliselt kuumad ja k\u00fclmad kohad.<br \/>\nProgrammeerimine ja juhtnupud on loodud k\u00f5ige kiirema k\u00f6\u00f6gi n\u00f5udmisi ja kiiret t\u00f6\u00f6tempot silmas pidades.<\/p>\n<p>Kasutamine &gt; 200 korda p\u00e4evas<br \/>\nV\u00f5imsus: 2100W<br \/>\nEnergiatarve: 3100W<br \/>\nMaht: 17 liitrit<br \/>\nEnergiatasemete arv: 11<br \/>\nK\u00fcpsetusfaaside arv: 4<br \/>\nKasutamine: Nupuvajutusega<br \/>\nProgrammide arv: 100<br \/>\nEkraan: LED<br \/>\nSulatamisprogramm: Jah<br \/>\n\u00d5hufilter: Jah<br \/>\nMagnetrontorude arv: 2<br \/>\nSisepind: Roostevaba teras<br \/>\nV\u00e4lispind: Roostevaba teras<br \/>\nV\u00e4lism\u00f5\u00f5tmed koos k\u00e4epidemega: 419x578x343 (k) mm<br \/>\nSisem\u00f5\u00f5tmed: 330x305x171 (k) mm<br \/>\nNetokaal: 31,0 kg<br \/>\nMaksimaalne k\u00fcpsetusaeg: 60 minutit<br \/>\nJuhtme pikkus: 1,7 meetrit<\/p>","protected":false},"featured_media":36424,"template":"","meta":{"_acf_changed":false,"inline_featured_image":false},"product_brand":[],"product_cat":[12115],"product_tag":[],"class_list":{"0":"post-36425","1":"product","2":"type-product","3":"status-publish","4":"has-post-thumbnail","6":"product_cat-mikrolaineahjud","7":"pa_kaubamark-menumaster","9":"first","10":"outofstock","11":"shipping-taxable","12":"purchasable","13":"product-type-simple"},"acf":[],"_links":{"self":[{"href":"https:\/\/farwell.ee\/en\/wp-json\/wp\/v2\/product\/36425","targetHints":{"allow":["GET"]}}],"collection":[{"href":"https:\/\/farwell.ee\/en\/wp-json\/wp\/v2\/product"}],"about":[{"href":"https:\/\/farwell.ee\/en\/wp-json\/wp\/v2\/types\/product"}],"wp:featuredmedia":[{"embeddable":true,"href":"https:\/\/farwell.ee\/en\/wp-json\/wp\/v2\/media\/36424"}],"wp:attachment":[{"href":"https:\/\/farwell.ee\/en\/wp-json\/wp\/v2\/media?parent=36425"}],"wp:term":[{"taxonomy":"product_brand","embeddable":true,"href":"https:\/\/farwell.ee\/en\/wp-json\/wp\/v2\/product_brand?post=36425"},{"taxonomy":"product_cat","embeddable":true,"href":"https:\/\/farwell.ee\/en\/wp-json\/wp\/v2\/product_cat?post=36425"},{"taxonomy":"product_tag","embeddable":true,"href":"https:\/\/farwell.ee\/en\/wp-json\/wp\/v2\/product_tag?post=36425"}],"curies":[{"name":"wp","href":"https:\/\/api.w.org\/{rel}","templated":true}]}}