{"id":36291,"date":"2025-11-11T08:00:04","date_gmt":"2025-11-11T06:00:04","guid":{"rendered":"https:\/\/farwell.ee\/toode\/ananassi-koorija-sudamiku-eemaldaja-tukeldaja\/"},"modified":"2026-03-05T16:15:09","modified_gmt":"2026-03-05T14:15:09","slug":"ananassi-koorija-sudamiku-eemaldaja-tukeldaja","status":"publish","type":"product","link":"https:\/\/farwell.ee\/en\/product\/ananassi-koorija-sudamiku-eemaldaja-tukeldaja\/","title":{"rendered":"Ananassi koorija \/ s\u00fcdamiku eemaldaja \/ t\u00fckeldaja"},"content":{"rendered":"","protected":false},"excerpt":{"rendered":"<p>Tera ja t\u00f5ukuri l\u00e4bim\u00f5\u00f5t 89 mm.<\/p>","protected":false},"featured_media":36289,"template":"","meta":{"_acf_changed":false,"inline_featured_image":false},"product_brand":[],"product_cat":[163],"product_tag":[],"class_list":{"0":"post-36291","1":"product","2":"type-product","3":"status-publish","4":"has-post-thumbnail","6":"product_cat-riivid-koorijad-ja-pureestajad","7":"pa_kaubamark-paderno","9":"first","10":"outofstock","11":"shipping-taxable","12":"purchasable","13":"product-type-simple"},"acf":[],"_links":{"self":[{"href":"https:\/\/farwell.ee\/en\/wp-json\/wp\/v2\/product\/36291","targetHints":{"allow":["GET"]}}],"collection":[{"href":"https:\/\/farwell.ee\/en\/wp-json\/wp\/v2\/product"}],"about":[{"href":"https:\/\/farwell.ee\/en\/wp-json\/wp\/v2\/types\/product"}],"wp:featuredmedia":[{"embeddable":true,"href":"https:\/\/farwell.ee\/en\/wp-json\/wp\/v2\/media\/36289"}],"wp:attachment":[{"href":"https:\/\/farwell.ee\/en\/wp-json\/wp\/v2\/media?parent=36291"}],"wp:term":[{"taxonomy":"product_brand","embeddable":true,"href":"https:\/\/farwell.ee\/en\/wp-json\/wp\/v2\/product_brand?post=36291"},{"taxonomy":"product_cat","embeddable":true,"href":"https:\/\/farwell.ee\/en\/wp-json\/wp\/v2\/product_cat?post=36291"},{"taxonomy":"product_tag","embeddable":true,"href":"https:\/\/farwell.ee\/en\/wp-json\/wp\/v2\/product_tag?post=36291"}],"curies":[{"name":"wp","href":"https:\/\/api.w.org\/{rel}","templated":true}]}}