{"id":36084,"date":"2025-11-07T10:45:04","date_gmt":"2025-11-07T08:45:04","guid":{"rendered":"https:\/\/farwell.ee\/toode\/vinuulkate-gn-1-1-kandikukarudele-ehk-togidele\/"},"modified":"2026-01-16T12:30:07","modified_gmt":"2026-01-16T10:30:07","slug":"vinuulkate-gn-1-1-kandikukarudele-ehk-togidele","status":"publish","type":"product","link":"https:\/\/farwell.ee\/en\/product\/vinuulkate-gn-1-1-kandikukarudele-ehk-togidele\/","title":{"rendered":"Vin\u00fc\u00fclkate GN 1\/1 kandikuk\u00e4rudele ehk togidele"},"content":{"rendered":"","protected":false},"excerpt":{"rendered":"<p>Esik\u00fcljel kaks t\u00f5mblukku.<br \/>\nVin\u00fc\u00fclkate v\u00e4hendab ristsaastumise ohtu.<br \/>\nL\u00e4bipaistev aken v\u00f5imaldab n\u00e4ha sisu.<\/p>","protected":false},"featured_media":36082,"template":"","meta":{"_acf_changed":false,"inline_featured_image":false},"product_brand":[],"product_cat":[6371],"product_tag":[],"class_list":{"0":"post-36084","1":"product","2":"type-product","3":"status-publish","4":"has-post-thumbnail","6":"product_cat-koogikarud-ja-togid","7":"pa_kaubamark-cambro","9":"first","10":"outofstock","11":"shipping-taxable","12":"purchasable","13":"product-type-simple"},"acf":[],"_links":{"self":[{"href":"https:\/\/farwell.ee\/en\/wp-json\/wp\/v2\/product\/36084","targetHints":{"allow":["GET"]}}],"collection":[{"href":"https:\/\/farwell.ee\/en\/wp-json\/wp\/v2\/product"}],"about":[{"href":"https:\/\/farwell.ee\/en\/wp-json\/wp\/v2\/types\/product"}],"wp:featuredmedia":[{"embeddable":true,"href":"https:\/\/farwell.ee\/en\/wp-json\/wp\/v2\/media\/36082"}],"wp:attachment":[{"href":"https:\/\/farwell.ee\/en\/wp-json\/wp\/v2\/media?parent=36084"}],"wp:term":[{"taxonomy":"product_brand","embeddable":true,"href":"https:\/\/farwell.ee\/en\/wp-json\/wp\/v2\/product_brand?post=36084"},{"taxonomy":"product_cat","embeddable":true,"href":"https:\/\/farwell.ee\/en\/wp-json\/wp\/v2\/product_cat?post=36084"},{"taxonomy":"product_tag","embeddable":true,"href":"https:\/\/farwell.ee\/en\/wp-json\/wp\/v2\/product_tag?post=36084"}],"curies":[{"name":"wp","href":"https:\/\/api.w.org\/{rel}","templated":true}]}}