{"id":36012,"date":"2025-11-06T08:45:04","date_gmt":"2025-11-06T06:45:04","guid":{"rendered":"https:\/\/farwell.ee\/toode\/magnetliist-305cm-graniidist\/"},"modified":"2025-11-06T09:15:04","modified_gmt":"2025-11-06T07:15:04","slug":"magnetliist-305cm-graniidist","status":"publish","type":"product","link":"https:\/\/farwell.ee\/en\/product\/magnetliist-305cm-graniidist\/","title":{"rendered":"Magnetliist 30,5cm graniidist"},"content":{"rendered":"","protected":false},"excerpt":{"rendered":"<p>Valgest graniidist valmistatud noamagnet, millel on kaks magnetriba, mis tagavad, et noad p\u00fcsivad kindlalt paigal ega libise maha.<br \/>\nMinimalistliku disainiga magnetiline noahoidik sobib h\u00e4sti igasse k\u00f6\u00f6ki.<br \/>\nHoidikus on ruumi umbes viiele k\u00f6\u00f6ginoale.<br \/>\nK\u00f5rgus 5 cm, pikkus 30,5 cm.<\/p>\n<p>Pakend sisaldab kruvisid ja t\u00fc\u00fcbleid kinnitamiseks.<br \/>\nNoamagnet tuleks alati kruvidega kindlalt kinnitada; liimid v\u00f5i kahepoolsed teibid ei taga kindlat haaret.<\/p>","protected":false},"featured_media":36011,"template":"","meta":{"_acf_changed":false,"inline_featured_image":false},"product_brand":[],"product_cat":[140],"product_tag":[12242],"class_list":{"0":"post-36012","1":"product","2":"type-product","3":"status-publish","4":"has-post-thumbnail","6":"product_cat-kooginoad","7":"product_tag-nugade-magnet","8":"pa_kaubamark-grunwerg","10":"first","11":"outofstock","12":"shipping-taxable","13":"purchasable","14":"product-type-simple"},"acf":[],"_links":{"self":[{"href":"https:\/\/farwell.ee\/en\/wp-json\/wp\/v2\/product\/36012","targetHints":{"allow":["GET"]}}],"collection":[{"href":"https:\/\/farwell.ee\/en\/wp-json\/wp\/v2\/product"}],"about":[{"href":"https:\/\/farwell.ee\/en\/wp-json\/wp\/v2\/types\/product"}],"wp:featuredmedia":[{"embeddable":true,"href":"https:\/\/farwell.ee\/en\/wp-json\/wp\/v2\/media\/36011"}],"wp:attachment":[{"href":"https:\/\/farwell.ee\/en\/wp-json\/wp\/v2\/media?parent=36012"}],"wp:term":[{"taxonomy":"product_brand","embeddable":true,"href":"https:\/\/farwell.ee\/en\/wp-json\/wp\/v2\/product_brand?post=36012"},{"taxonomy":"product_cat","embeddable":true,"href":"https:\/\/farwell.ee\/en\/wp-json\/wp\/v2\/product_cat?post=36012"},{"taxonomy":"product_tag","embeddable":true,"href":"https:\/\/farwell.ee\/en\/wp-json\/wp\/v2\/product_tag?post=36012"}],"curies":[{"name":"wp","href":"https:\/\/api.w.org\/{rel}","templated":true}]}}