{"id":35994,"date":"2025-11-05T12:30:05","date_gmt":"2025-11-05T10:30:05","guid":{"rendered":"https:\/\/farwell.ee\/toode\/ahjuplaat-reguleeritava-laiusega-33-53cm-sugavus-33cm\/"},"modified":"2025-11-05T15:30:05","modified_gmt":"2025-11-05T13:30:05","slug":"ahjuplaat-reguleeritava-laiusega-33-53cm-sugavus-33cm","status":"publish","type":"product","link":"https:\/\/farwell.ee\/en\/product\/ahjuplaat-reguleeritava-laiusega-33-53cm-sugavus-33cm\/","title":{"rendered":"Ahjuplaat reguleeritava laiusega 33-53cm, s\u00fcgavus 33cm"},"content":{"rendered":"","protected":false},"excerpt":{"rendered":"<p>Reguleeritav k\u00fcpsetusplaat on nutikas abiline k\u00f6\u00f6gis.<br \/>\nLaiust saab h\u00f5lpsalt reguleerida vahemikus 33\u201353 cm, mist\u00f5ttu sobib see ideaalselt erinevatele ahjudele ja erinevatele vajadustele.<br \/>\nAsetage plaat ahjurestile ja k\u00fcpsetage n\u00e4iteks pitsat v\u00f5i pirukaid \u2013 tulemuseks on ilus k\u00fcpsetuspind.<\/p>\n<p>Kuumuskindel kuni +250 \u00b0C.<br \/>\nMittenakkuva kattega ahjuplaati tuleks alati k\u00e4sitsi pesta, et see p\u00fcsiks kaua heas seisukorras.<\/p>\n<p>Laius: 33\u201353 cm<br \/>\nS\u00fcgavus: 33cm ,\u00a0 sisemine s\u00fcgavus 29,5 cm<br \/>\nK\u00f5rgus: 3,5 cm<br \/>\nMaterjal: mittenakkuva kattega kaetud teras<br \/>\nTootmisriik: Saksamaa<\/p>","protected":false},"featured_media":35990,"template":"","meta":{"_acf_changed":false,"inline_featured_image":false},"product_brand":[],"product_cat":[151],"product_tag":[12232],"class_list":{"0":"post-35994","1":"product","2":"type-product","3":"status-publish","4":"has-post-thumbnail","6":"product_cat-pagariplaadid-ja-restid","7":"product_tag-kupsetusplaat","8":"pa_kaubamark-westmark","10":"first","11":"outofstock","12":"shipping-taxable","13":"purchasable","14":"product-type-simple"},"acf":[],"_links":{"self":[{"href":"https:\/\/farwell.ee\/en\/wp-json\/wp\/v2\/product\/35994","targetHints":{"allow":["GET"]}}],"collection":[{"href":"https:\/\/farwell.ee\/en\/wp-json\/wp\/v2\/product"}],"about":[{"href":"https:\/\/farwell.ee\/en\/wp-json\/wp\/v2\/types\/product"}],"wp:featuredmedia":[{"embeddable":true,"href":"https:\/\/farwell.ee\/en\/wp-json\/wp\/v2\/media\/35990"}],"wp:attachment":[{"href":"https:\/\/farwell.ee\/en\/wp-json\/wp\/v2\/media?parent=35994"}],"wp:term":[{"taxonomy":"product_brand","embeddable":true,"href":"https:\/\/farwell.ee\/en\/wp-json\/wp\/v2\/product_brand?post=35994"},{"taxonomy":"product_cat","embeddable":true,"href":"https:\/\/farwell.ee\/en\/wp-json\/wp\/v2\/product_cat?post=35994"},{"taxonomy":"product_tag","embeddable":true,"href":"https:\/\/farwell.ee\/en\/wp-json\/wp\/v2\/product_tag?post=35994"}],"curies":[{"name":"wp","href":"https:\/\/api.w.org\/{rel}","templated":true}]}}