{"id":35900,"date":"2025-11-03T10:45:05","date_gmt":"2025-11-03T08:45:05","guid":{"rendered":"https:\/\/farwell.ee\/toode\/soogiriistade-umbrik-croco-brown\/"},"modified":"2025-11-18T10:00:05","modified_gmt":"2025-11-18T08:00:05","slug":"soogiriistade-umbrik-croco-brown","status":"publish","type":"product","link":"https:\/\/farwell.ee\/en\/product\/soogiriistade-umbrik-croco-brown\/","title":{"rendered":"S\u00f6\u00f6giriistade \u00fcmbrik Croco"},"content":{"rendered":"","protected":false},"excerpt":{"rendered":"","protected":false},"featured_media":36697,"template":"","meta":{"_acf_changed":false,"inline_featured_image":false},"product_brand":[],"product_cat":[5379,12454],"product_tag":[],"class_list":{"0":"post-35900","1":"product","2":"type-product","3":"status-publish","4":"has-post-thumbnail","6":"product_cat-buffet-ja-serveerimine-outlet","7":"product_cat-soogiriistade-hoidikud","8":"pa_kaubamark-bourgeat","10":"first","11":"instock","12":"sale","13":"shipping-taxable","14":"purchasable","15":"product-type-simple"},"acf":[],"_links":{"self":[{"href":"https:\/\/farwell.ee\/en\/wp-json\/wp\/v2\/product\/35900","targetHints":{"allow":["GET"]}}],"collection":[{"href":"https:\/\/farwell.ee\/en\/wp-json\/wp\/v2\/product"}],"about":[{"href":"https:\/\/farwell.ee\/en\/wp-json\/wp\/v2\/types\/product"}],"wp:featuredmedia":[{"embeddable":true,"href":"https:\/\/farwell.ee\/en\/wp-json\/wp\/v2\/media\/36697"}],"wp:attachment":[{"href":"https:\/\/farwell.ee\/en\/wp-json\/wp\/v2\/media?parent=35900"}],"wp:term":[{"taxonomy":"product_brand","embeddable":true,"href":"https:\/\/farwell.ee\/en\/wp-json\/wp\/v2\/product_brand?post=35900"},{"taxonomy":"product_cat","embeddable":true,"href":"https:\/\/farwell.ee\/en\/wp-json\/wp\/v2\/product_cat?post=35900"},{"taxonomy":"product_tag","embeddable":true,"href":"https:\/\/farwell.ee\/en\/wp-json\/wp\/v2\/product_tag?post=35900"}],"curies":[{"name":"wp","href":"https:\/\/api.w.org\/{rel}","templated":true}]}}