{"id":35639,"date":"2025-10-21T10:15:04","date_gmt":"2025-10-21T07:15:04","guid":{"rendered":"https:\/\/farwell.ee\/toode\/roster-2-viilule-tbrb20\/"},"modified":"2026-03-31T15:00:05","modified_gmt":"2026-03-31T12:00:05","slug":"roster-2-viilule-tbrb20","status":"publish","type":"product","link":"https:\/\/farwell.ee\/en\/product\/roster-2-viilule-tbrb20\/","title":{"rendered":"R\u00f6ster 2-viilule, v\u00f5imsus 880W"},"content":{"rendered":"","protected":false},"excerpt":{"rendered":"<p>Pilu m\u00f5\u00f5dud: 140 x 35 mm.<\/p>\n<p>Funktsioonid: sulatamine, soojendamine, \u00fchepoolne r\u00f6stimine (bagelid), r\u00f6stimine.<\/p>\n<p>Pruunistustasemete arv 6.<\/p>","protected":false},"featured_media":36396,"template":"","meta":{"_acf_changed":false,"inline_featured_image":false},"product_brand":[],"product_cat":[12396],"product_tag":[],"class_list":{"0":"post-35639","1":"product","2":"type-product","3":"status-publish","4":"has-post-thumbnail","6":"product_cat-rosterid","7":"pa_kaubamark-bartscher","9":"first","10":"instock","11":"shipping-taxable","12":"purchasable","13":"product-type-simple"},"acf":[],"_links":{"self":[{"href":"https:\/\/farwell.ee\/en\/wp-json\/wp\/v2\/product\/35639","targetHints":{"allow":["GET"]}}],"collection":[{"href":"https:\/\/farwell.ee\/en\/wp-json\/wp\/v2\/product"}],"about":[{"href":"https:\/\/farwell.ee\/en\/wp-json\/wp\/v2\/types\/product"}],"wp:featuredmedia":[{"embeddable":true,"href":"https:\/\/farwell.ee\/en\/wp-json\/wp\/v2\/media\/36396"}],"wp:attachment":[{"href":"https:\/\/farwell.ee\/en\/wp-json\/wp\/v2\/media?parent=35639"}],"wp:term":[{"taxonomy":"product_brand","embeddable":true,"href":"https:\/\/farwell.ee\/en\/wp-json\/wp\/v2\/product_brand?post=35639"},{"taxonomy":"product_cat","embeddable":true,"href":"https:\/\/farwell.ee\/en\/wp-json\/wp\/v2\/product_cat?post=35639"},{"taxonomy":"product_tag","embeddable":true,"href":"https:\/\/farwell.ee\/en\/wp-json\/wp\/v2\/product_tag?post=35639"}],"curies":[{"name":"wp","href":"https:\/\/api.w.org\/{rel}","templated":true}]}}