{"id":35601,"date":"2025-10-17T17:05:30","date_gmt":"2025-10-17T14:05:30","guid":{"rendered":"https:\/\/farwell.ee\/?post_type=product&#038;p=35601"},"modified":"2025-10-21T09:19:24","modified_gmt":"2025-10-21T06:19:24","slug":"koogiviljatukeldaja-370w-trsc6","status":"publish","type":"product","link":"https:\/\/farwell.ee\/en\/product\/koogiviljatukeldaja-370w-trsc6\/","title":{"rendered":"K\u00f6\u00f6giviljat\u00fckeldaja 370W TRSC6"},"content":{"rendered":"","protected":false},"excerpt":{"rendered":"<p><strong>*hinnale lisandub k\u00e4ibemaks<\/strong><\/p>\n<p>&nbsp;<\/p>\n<p data-start=\"186\" data-end=\"310\">T\u00f5hus ja vastupidav <strong data-start=\"206\" data-end=\"226\">k\u00f6\u00f6giviljal\u00f5ikur<\/strong>, varustatud ejektoriga, sobib intensiivseks kasutuseks professionaalsetes k\u00f6\u00f6kides.<\/p>\n<ul data-start=\"312\" data-end=\"524\">\n<li data-start=\"312\" data-end=\"354\">\n<p data-start=\"314\" data-end=\"354\"><strong data-start=\"314\" data-end=\"352\">Halli v\u00e4rvi vastupidav plastkorpus<\/strong><\/p>\n<\/li>\n<li data-start=\"355\" data-end=\"446\">\n<p data-start=\"357\" data-end=\"446\"><strong data-start=\"357\" data-end=\"386\">Harjadeta as\u00fcnkroonmootor<\/strong> tagab <strong data-start=\"393\" data-end=\"407\">vaikse t\u00f6\u00f6<\/strong>, k\u00f5rge t\u00f6\u00f6kindluse ja pika kasutusea<\/p>\n<\/li>\n<li data-start=\"447\" data-end=\"488\">\n<p data-start=\"449\" data-end=\"488\"><strong data-start=\"449\" data-end=\"486\">Roostevabast terasest mootoriv\u00f5ll<\/strong><\/p>\n<\/li>\n<li data-start=\"489\" data-end=\"524\">\n<p data-start=\"491\" data-end=\"524\">Toide: <strong data-start=\"498\" data-end=\"524\">220\u202fV \/ 1 faas \/ 60\u202fHz<\/strong><\/p>\n<\/li>\n<\/ul>\n<p data-start=\"526\" data-end=\"673\">Seade sobib suurep\u00e4raselt erinevate k\u00f6\u00f6giviljade kiireks ja \u00fchtlaseks l\u00f5ikamiseks. Ejektor v\u00f5imaldab hakitud toodangu suunamist otse kogumisn\u00f5usse.<\/p>","protected":false},"featured_media":35603,"template":"","meta":{"_acf_changed":false,"inline_featured_image":false},"product_brand":[],"product_cat":[8608],"product_tag":[],"class_list":{"0":"post-35601","1":"product","2":"type-product","3":"status-publish","4":"has-post-thumbnail","6":"product_cat-uued-koogiseadmed","8":"first","9":"outofstock","10":"shipping-taxable","11":"purchasable","12":"product-type-simple"},"acf":[],"_links":{"self":[{"href":"https:\/\/farwell.ee\/en\/wp-json\/wp\/v2\/product\/35601","targetHints":{"allow":["GET"]}}],"collection":[{"href":"https:\/\/farwell.ee\/en\/wp-json\/wp\/v2\/product"}],"about":[{"href":"https:\/\/farwell.ee\/en\/wp-json\/wp\/v2\/types\/product"}],"wp:featuredmedia":[{"embeddable":true,"href":"https:\/\/farwell.ee\/en\/wp-json\/wp\/v2\/media\/35603"}],"wp:attachment":[{"href":"https:\/\/farwell.ee\/en\/wp-json\/wp\/v2\/media?parent=35601"}],"wp:term":[{"taxonomy":"product_brand","embeddable":true,"href":"https:\/\/farwell.ee\/en\/wp-json\/wp\/v2\/product_brand?post=35601"},{"taxonomy":"product_cat","embeddable":true,"href":"https:\/\/farwell.ee\/en\/wp-json\/wp\/v2\/product_cat?post=35601"},{"taxonomy":"product_tag","embeddable":true,"href":"https:\/\/farwell.ee\/en\/wp-json\/wp\/v2\/product_tag?post=35601"}],"curies":[{"name":"wp","href":"https:\/\/api.w.org\/{rel}","templated":true}]}}