{"id":35578,"date":"2025-10-17T14:31:49","date_gmt":"2025-10-17T11:31:49","guid":{"rendered":"https:\/\/farwell.ee\/?post_type=product&#038;p=35578"},"modified":"2025-10-17T14:33:30","modified_gmt":"2025-10-17T11:33:30","slug":"kandikutekaru-10gn-1-1","status":"publish","type":"product","link":"https:\/\/farwell.ee\/en\/product\/kandikutekaru-10gn-1-1\/","title":{"rendered":"Kandikutek\u00e4ru 10GN 1\/1"},"content":{"rendered":"","protected":false},"excerpt":{"rendered":"<div class=\"col-md-6\">\n<div class=\"card border-0 .shadow-sm\">\n<div class=\"woocommerce-product-details__short-description\">\n<p><strong>*hinnale lisandub k\u00e4ibemaks<\/strong><\/p>\n<\/div>\n<\/div>\n<\/div>\n<p>Valmistatud AISI 304 roostevabast terasest. Konstruktsioon 25 \u00d7 25 mm nelikanttorust. Alused (kandikutoed) kroomitud ja tsingitud terasest, vertikaalselt liigutatavad puhastamise h\u00f5lbustamiseks.<\/p>\n<p>M\u00f5eldud \u00fche rea kaupa paigutatud kandikute v\u00f5i anumate hoidmiseks. Eemaldatav \u00fclemine riiul klaaside ja pudelite kogumiseks. Varustatud nelja p\u00f6\u00f6rleva rattaga (l\u00e4bim\u00f5\u00f5t 125 mm), neist kahel on pidurid; rataste kinnitused on kroomitud tsingitud terasest. Rattad on varustatud hallist plastikust p\u00f5rkekaitsetega ning kulumiskindla, j\u00e4lgi mittej\u00e4tva jooksupinnaga. Tarnitakse kokkupanduna.<\/p>","protected":false},"featured_media":35579,"template":"","meta":{"_acf_changed":false,"inline_featured_image":false},"product_brand":[],"product_cat":[8608],"product_tag":[],"class_list":{"0":"post-35578","1":"product","2":"type-product","3":"status-publish","4":"has-post-thumbnail","6":"product_cat-uued-koogiseadmed","8":"first","9":"outofstock","10":"sale","11":"shipping-taxable","12":"purchasable","13":"product-type-simple"},"acf":[],"_links":{"self":[{"href":"https:\/\/farwell.ee\/en\/wp-json\/wp\/v2\/product\/35578","targetHints":{"allow":["GET"]}}],"collection":[{"href":"https:\/\/farwell.ee\/en\/wp-json\/wp\/v2\/product"}],"about":[{"href":"https:\/\/farwell.ee\/en\/wp-json\/wp\/v2\/types\/product"}],"wp:featuredmedia":[{"embeddable":true,"href":"https:\/\/farwell.ee\/en\/wp-json\/wp\/v2\/media\/35579"}],"wp:attachment":[{"href":"https:\/\/farwell.ee\/en\/wp-json\/wp\/v2\/media?parent=35578"}],"wp:term":[{"taxonomy":"product_brand","embeddable":true,"href":"https:\/\/farwell.ee\/en\/wp-json\/wp\/v2\/product_brand?post=35578"},{"taxonomy":"product_cat","embeddable":true,"href":"https:\/\/farwell.ee\/en\/wp-json\/wp\/v2\/product_cat?post=35578"},{"taxonomy":"product_tag","embeddable":true,"href":"https:\/\/farwell.ee\/en\/wp-json\/wp\/v2\/product_tag?post=35578"}],"curies":[{"name":"wp","href":"https:\/\/api.w.org\/{rel}","templated":true}]}}