{"id":35449,"date":"2025-10-13T08:00:08","date_gmt":"2025-10-13T05:00:08","guid":{"rendered":"https:\/\/farwell.ee\/toode\/dekanter-15l-alloro\/"},"modified":"2026-04-10T08:00:07","modified_gmt":"2026-04-10T05:00:07","slug":"dekanter-15l-alloro","status":"publish","type":"product","link":"https:\/\/farwell.ee\/en\/product\/dekanter-15l-alloro\/","title":{"rendered":"Dekanter 1,5L The First"},"content":{"rendered":"","protected":false},"excerpt":{"rendered":"<p>K\u00e4sit\u00f6\u00f6na valmistatud punase veini karahvin.<\/p>","protected":false},"featured_media":35454,"template":"","meta":{"_acf_changed":false,"inline_featured_image":false},"product_brand":[],"product_cat":[129],"product_tag":[],"class_list":{"0":"post-35449","1":"product","2":"type-product","3":"status-publish","4":"has-post-thumbnail","6":"product_cat-karahvinid","7":"pa_kaubamark-schott-zwiesel","9":"first","10":"instock","11":"shipping-taxable","12":"purchasable","13":"product-type-simple"},"acf":[],"_links":{"self":[{"href":"https:\/\/farwell.ee\/en\/wp-json\/wp\/v2\/product\/35449","targetHints":{"allow":["GET"]}}],"collection":[{"href":"https:\/\/farwell.ee\/en\/wp-json\/wp\/v2\/product"}],"about":[{"href":"https:\/\/farwell.ee\/en\/wp-json\/wp\/v2\/types\/product"}],"wp:featuredmedia":[{"embeddable":true,"href":"https:\/\/farwell.ee\/en\/wp-json\/wp\/v2\/media\/35454"}],"wp:attachment":[{"href":"https:\/\/farwell.ee\/en\/wp-json\/wp\/v2\/media?parent=35449"}],"wp:term":[{"taxonomy":"product_brand","embeddable":true,"href":"https:\/\/farwell.ee\/en\/wp-json\/wp\/v2\/product_brand?post=35449"},{"taxonomy":"product_cat","embeddable":true,"href":"https:\/\/farwell.ee\/en\/wp-json\/wp\/v2\/product_cat?post=35449"},{"taxonomy":"product_tag","embeddable":true,"href":"https:\/\/farwell.ee\/en\/wp-json\/wp\/v2\/product_tag?post=35449"}],"curies":[{"name":"wp","href":"https:\/\/api.w.org\/{rel}","templated":true}]}}