{"id":35430,"date":"2025-10-10T09:45:04","date_gmt":"2025-10-10T06:45:04","guid":{"rendered":"https:\/\/farwell.ee\/toode\/marmiit-gn-1-1-klaaskaanega-vomsus-700w\/"},"modified":"2026-02-17T10:00:04","modified_gmt":"2026-02-17T08:00:04","slug":"marmiit-gn-1-1-klaaskaanega-vomsus-700w","status":"publish","type":"product","link":"https:\/\/farwell.ee\/en\/product\/marmiit-gn-1-1-klaaskaanega-vomsus-700w\/","title":{"rendered":"Marmiit GN 1\/1 klaaskaanega, v\u00f5imsus 700W"},"content":{"rendered":"","protected":false},"excerpt":{"rendered":"<div class=\"richContent-root-Ykt\">\n<div>\n<div>Hollandi disaineri Robert Bronwasseri stiilne ja funktsionaalne disain.<br \/>\nKorpus on valmistatud k\u00f5rgtemperatuurikindlast pol\u00fcprop\u00fcleenist.<br \/>\nEemaldatav GN 1\/1 100mm roostevabast terasest 18\/8 n\u00f5u.<br \/>\nK\u00fctteelement on valmistatud roostevabast terasest 18\/8 ja paigutatud veemahutisse t\u00f5husa soojus\u00fclekande tagamiseks.<br \/>\nKarastatud klaasist kaas, mis on varustatud isoleeritud k\u00e4epidemega ja alumiiniumist hingega.<br \/>\nKaheosalise kaane disain v\u00e4hendab soojuskadu avamisel, s\u00e4ilitades samal ajal optimaalsed h\u00fcgieenitingimused.<br \/>\nIntegreeritud kaardihoidja kaanel toote nimekaartide jaoks.<br \/>\nDigitaalne juhtpaneel, mis n\u00e4itab t\u00f6\u00f6aega, seadistatud temperatuuri ja tegelikku temperatuuri.<br \/>\nViimane temperatuuri seadistus salvestatakse m\u00e4llu ja see valitakse iga kord, kui seade sisse l\u00fclitatakse.<br \/>\nTemperatuuri saab seadistada vahemikus +35 kuni +85\u02daC\u00a0 1\u02daC kaupa.<br \/>\nVeemahutil on reljeefne maksimaalne t\u00e4itmisjoon, mis n\u00e4itab \u22484 L.<br \/>\nEi ole m\u00f5eldud toiduvalmistamiseks, vaid ainult soojana hoidmiseks.<\/div>\n<\/div>\n<\/div>\n<div class=\"richContent-root-Ykt\"><\/div>","protected":false},"featured_media":35432,"template":"","meta":{"_acf_changed":false,"inline_featured_image":false},"product_brand":[],"product_cat":[147],"product_tag":[],"class_list":{"0":"post-35430","1":"product","2":"type-product","3":"status-publish","4":"has-post-thumbnail","6":"product_cat-marmiidid","7":"pa_kaubamark-hendi","9":"first","10":"outofstock","11":"shipping-taxable","12":"purchasable","13":"product-type-simple"},"acf":[],"_links":{"self":[{"href":"https:\/\/farwell.ee\/en\/wp-json\/wp\/v2\/product\/35430","targetHints":{"allow":["GET"]}}],"collection":[{"href":"https:\/\/farwell.ee\/en\/wp-json\/wp\/v2\/product"}],"about":[{"href":"https:\/\/farwell.ee\/en\/wp-json\/wp\/v2\/types\/product"}],"wp:featuredmedia":[{"embeddable":true,"href":"https:\/\/farwell.ee\/en\/wp-json\/wp\/v2\/media\/35432"}],"wp:attachment":[{"href":"https:\/\/farwell.ee\/en\/wp-json\/wp\/v2\/media?parent=35430"}],"wp:term":[{"taxonomy":"product_brand","embeddable":true,"href":"https:\/\/farwell.ee\/en\/wp-json\/wp\/v2\/product_brand?post=35430"},{"taxonomy":"product_cat","embeddable":true,"href":"https:\/\/farwell.ee\/en\/wp-json\/wp\/v2\/product_cat?post=35430"},{"taxonomy":"product_tag","embeddable":true,"href":"https:\/\/farwell.ee\/en\/wp-json\/wp\/v2\/product_tag?post=35430"}],"curies":[{"name":"wp","href":"https:\/\/api.w.org\/{rel}","templated":true}]}}