{"id":35427,"date":"2025-10-10T09:30:04","date_gmt":"2025-10-10T06:30:04","guid":{"rendered":"https:\/\/farwell.ee\/toode\/pastamasin-manuaalne-titania\/"},"modified":"2026-03-02T12:30:03","modified_gmt":"2026-03-02T10:30:03","slug":"pastamasin-manuaalne-titania","status":"publish","type":"product","link":"https:\/\/farwell.ee\/en\/product\/pastamasin-manuaalne-titania\/","title":{"rendered":"Pastamasin manuaalne Titania"},"content":{"rendered":"","protected":false},"excerpt":{"rendered":"<div class=\"richContent-root-Ykt\">\n<div>\n<div>Ideaalne v\u00e4rske pasta valmistamiseks.<br \/>\nTaignakihi laius 140 mm.<br \/>\nKinnitub laua k\u00fclge.<br \/>\nTaignakihi paksuse reguleerimine 0,2\u20132,2 mm.<br \/>\nKahekordne l\u00f5iketera annab v\u00f5imaluse saada 2 t\u00fc\u00fcpi nuudleid: tagliatelle\u2019t\u00a0 2 mm ja fettuccine\u2019t\u00a0 6,5 mm.<\/div>\n<\/div>\n<\/div>\n<div class=\"richContent-root-Ykt\">\nPastamasina puhastamine p\u00e4rast kasutamist:<\/p>\n<p>Puhastage rullikuid \u00fclevalt ja altpoolt pehme lapi v\u00f5i pintsliga.<br \/>\n\u00c4rge kunagi peske masinat vee v\u00f5i pesuvahendiga!<br \/>\nSamuti ei tohi pastamasinat mitte mingil juhul pesta n\u00f5udepesumasinas!<\/p>\n<\/div>","protected":false},"featured_media":36406,"template":"","meta":{"_acf_changed":false,"inline_featured_image":false},"product_brand":[],"product_cat":[12395],"product_tag":[],"class_list":{"0":"post-35427","1":"product","2":"type-product","3":"status-publish","4":"has-post-thumbnail","6":"product_cat-pastamasinad","7":"pa_kaubamark-titania","9":"first","10":"outofstock","11":"shipping-taxable","12":"purchasable","13":"product-type-simple"},"acf":[],"_links":{"self":[{"href":"https:\/\/farwell.ee\/en\/wp-json\/wp\/v2\/product\/35427","targetHints":{"allow":["GET"]}}],"collection":[{"href":"https:\/\/farwell.ee\/en\/wp-json\/wp\/v2\/product"}],"about":[{"href":"https:\/\/farwell.ee\/en\/wp-json\/wp\/v2\/types\/product"}],"wp:featuredmedia":[{"embeddable":true,"href":"https:\/\/farwell.ee\/en\/wp-json\/wp\/v2\/media\/36406"}],"wp:attachment":[{"href":"https:\/\/farwell.ee\/en\/wp-json\/wp\/v2\/media?parent=35427"}],"wp:term":[{"taxonomy":"product_brand","embeddable":true,"href":"https:\/\/farwell.ee\/en\/wp-json\/wp\/v2\/product_brand?post=35427"},{"taxonomy":"product_cat","embeddable":true,"href":"https:\/\/farwell.ee\/en\/wp-json\/wp\/v2\/product_cat?post=35427"},{"taxonomy":"product_tag","embeddable":true,"href":"https:\/\/farwell.ee\/en\/wp-json\/wp\/v2\/product_tag?post=35427"}],"curies":[{"name":"wp","href":"https:\/\/api.w.org\/{rel}","templated":true}]}}