{"id":35303,"date":"2025-09-22T08:45:04","date_gmt":"2025-09-22T05:45:04","guid":{"rendered":"https:\/\/farwell.ee\/toode\/soojaplaat-gn-1-2-gobox-termokastidele\/"},"modified":"2026-01-16T12:30:08","modified_gmt":"2026-01-16T10:30:08","slug":"soojaplaat-gn-1-2-gobox-termokastidele","status":"publish","type":"product","link":"https:\/\/farwell.ee\/en\/product\/soojaplaat-gn-1-2-gobox-termokastidele\/","title":{"rendered":"Soojaplaat GN 1\/2 GoBox termokastidele"},"content":{"rendered":"","protected":false},"excerpt":{"rendered":"<p>Camwarmer\u00ae \u2013 soojaplaat on m\u00f5eldud toidu soojashoidmise aja pikendamiseks.<br \/>\nAsetage see 40 minutiks kuumaveevanni ja asetage seej\u00e4rel termokasti v\u00f5i termokapi p\u00f5hja.<br \/>\nSobib j\u00e4rgmistesse termokastidesse: EPP260, EPP280, EPP280BKST, EPP280RDST.<\/p>","protected":false},"featured_media":35301,"template":"","meta":{"_acf_changed":false,"inline_featured_image":false},"product_brand":[],"product_cat":[5554],"product_tag":[],"class_list":{"0":"post-35303","1":"product","2":"type-product","3":"status-publish","4":"has-post-thumbnail","6":"product_cat-termokastid-ja-termokapid","7":"pa_kaubamark-cambro","9":"first","10":"outofstock","11":"shipping-taxable","12":"purchasable","13":"product-type-simple"},"acf":[],"_links":{"self":[{"href":"https:\/\/farwell.ee\/en\/wp-json\/wp\/v2\/product\/35303","targetHints":{"allow":["GET"]}}],"collection":[{"href":"https:\/\/farwell.ee\/en\/wp-json\/wp\/v2\/product"}],"about":[{"href":"https:\/\/farwell.ee\/en\/wp-json\/wp\/v2\/types\/product"}],"wp:featuredmedia":[{"embeddable":true,"href":"https:\/\/farwell.ee\/en\/wp-json\/wp\/v2\/media\/35301"}],"wp:attachment":[{"href":"https:\/\/farwell.ee\/en\/wp-json\/wp\/v2\/media?parent=35303"}],"wp:term":[{"taxonomy":"product_brand","embeddable":true,"href":"https:\/\/farwell.ee\/en\/wp-json\/wp\/v2\/product_brand?post=35303"},{"taxonomy":"product_cat","embeddable":true,"href":"https:\/\/farwell.ee\/en\/wp-json\/wp\/v2\/product_cat?post=35303"},{"taxonomy":"product_tag","embeddable":true,"href":"https:\/\/farwell.ee\/en\/wp-json\/wp\/v2\/product_tag?post=35303"}],"curies":[{"name":"wp","href":"https:\/\/api.w.org\/{rel}","templated":true}]}}